{"id":2872,"date":"2020-10-10T22:00:44","date_gmt":"2020-10-10T19:00:44","guid":{"rendered":"http:\/\/bolvadinsevgisi.com\/?page_id=2872"},"modified":"2020-10-10T22:30:26","modified_gmt":"2020-10-10T19:30:26","slug":"2872-2","status":"publish","type":"page","link":"http:\/\/bolvadinsevgisi.com\/?page_id=2872","title":{"rendered":"Ben Kimim"},"content":{"rendered":"<p>[vc_row css=&#8221;.vc_custom_1571339864481{margin-top: 60px !important;}&#8221;][vc_column width=&#8221;2\/3&#8243;][vc_column_text css_animation=&#8221;fadeInUp&#8221; css=&#8221;.vc_custom_1602358148603{margin-top: 10px !important;}&#8221;]<\/p>\n<h2 style=\"font-weight: 400; text-align: center;\"><strong><br \/>\nDUA<\/strong><\/h2>\n<h5 style=\"font-weight: 400; text-align: center;\"><span style=\"color: #000000;\">Yerleri\u00a0 g\u00f6kleri\u00a0 yaradan\u00a0 Allah,<\/span><br \/>\n<span style=\"color: #000000;\">Mal verme, m\u00fclk verme, han verme bana.<\/span><br \/>\n<span style=\"color: #000000;\">D\u00fcnyan\u0131n\u00a0 mal\u0131na\u00a0 etmem\u00a0 eyvallah,<\/span><br \/>\n<span style=\"color: #000000;\">Ne \u015f\u00f6hret, ne r\u00fctbe, \u015fan verme bana.<\/span><\/h5>\n<h5 style=\"font-weight: 400; text-align: center;\"><span style=\"color: #000000;\">\u00a0 \u00a0 \u00a0 \u00a0 \u00a0 \u00a0 \u00a0 \u00a0 \u00a0 \u00a0 \u00a0 \u00a0 \u00a0 \u00a0 \u00a0 \u00a0 \u00a0 \u00a0 \u00a0 \u00a0 \u00a0 \u00a0 \u00a0 \u00a0 \u00a0 \u00a0Ozan Arif<\/span><\/h5>\n<p>&nbsp;<\/p>\n<p style=\"text-align: center;\"><span style=\"color: #000000;\"><img loading=\"lazy\" class=\"alignnone size-full wp-image-2874\" src=\"http:\/\/bolvadinsevgisi.com\/wp-content\/uploads\/2020\/10\/foto.jpg\" alt=\"\" width=\"350\" height=\"265\" srcset=\"http:\/\/bolvadinsevgisi.com\/wp-content\/uploads\/2020\/10\/foto.jpg 350w, http:\/\/bolvadinsevgisi.com\/wp-content\/uploads\/2020\/10\/foto-300x227.jpg 300w\" sizes=\"(max-width: 350px) 100vw, 350px\" \/><\/span><\/p>\n<p style=\"text-align: center;\"><span style=\"color: #000000;\"><strong>N. Sait\u00a0 EK\u0130C\u0130<\/strong>\u00a0 (2010)<\/span><\/p>\n<p><span style=\"color: #000000;\">Merhaba,<\/span><br \/>\n<span style=\"color: #000000;\">\u00a0Madem\u00a0 merak edip\u00a0 bu sayfaya geldiniz,\u00a0 \u00f6yleyse\u00a0 kendimden\u00a0 biraz\u00a0 bahsedeyim. 1955\u00a0 y\u0131l\u0131nda\u00a0 Bolvadin&#8217;de\u00a0 do\u011fmu\u015fum. \u00d6\u011frenim hayat\u0131mdan\u00a0 sonra, yurdumuzun\u00a0 de\u011fi\u015fik\u00a0 yerlerinde g\u00f6rev\u00a0 yapt\u0131m.\u00a0 En son, Bolvadin Anadolu\u00a0 \u0130mam-Hatip\u00a0 Lisesinde\u00a0 T\u00fcrk\u00a0 Dili\u00a0 ve\u00a0 Edebiyat\u0131\u00a0 \u00d6\u011fretmeni\u00a0 olarak\u00a0 g\u00f6rev\u00a0 yapmakta iken,\u00a0 01 Temmuz 2007 tarihinde emekli oldum. Evli <span class=\"GramE\">olup<\/span>,\u00a0 bir erkek ve bir\u00a0 k\u0131z\u00a0 \u00e7ocu\u011fu\u00a0 babas\u0131y\u0131m.<\/span><\/p>\n<p>&nbsp;<\/p>\n<p><span style=\"color: #000000;\"><img loading=\"lazy\" class=\"wp-image-2875 aligncenter\" src=\"http:\/\/bolvadinsevgisi.com\/wp-content\/uploads\/2020\/10\/foto1.jpg\" alt=\"\" width=\"752\" height=\"403\" srcset=\"http:\/\/bolvadinsevgisi.com\/wp-content\/uploads\/2020\/10\/foto1.jpg 1111w, http:\/\/bolvadinsevgisi.com\/wp-content\/uploads\/2020\/10\/foto1-300x161.jpg 300w, http:\/\/bolvadinsevgisi.com\/wp-content\/uploads\/2020\/10\/foto1-1024x548.jpg 1024w, http:\/\/bolvadinsevgisi.com\/wp-content\/uploads\/2020\/10\/foto1-768x411.jpg 768w\" sizes=\"(max-width: 752px) 100vw, 752px\" \/><img loading=\"lazy\" class=\"wp-image-2876 aligncenter\" src=\"http:\/\/bolvadinsevgisi.com\/wp-content\/uploads\/2020\/10\/foto2.jpg\" alt=\"\" width=\"327\" height=\"210\" srcset=\"http:\/\/bolvadinsevgisi.com\/wp-content\/uploads\/2020\/10\/foto2.jpg 463w, http:\/\/bolvadinsevgisi.com\/wp-content\/uploads\/2020\/10\/foto2-300x192.jpg 300w\" sizes=\"(max-width: 327px) 100vw, 327px\" \/><\/span><\/p>\n<p><span style=\"color: #000000;\"><img loading=\"lazy\" class=\"wp-image-2431 aligncenter\" src=\"http:\/\/bolvadinsevgisi.com\/wp-content\/uploads\/2019\/11\/received_440121646904420.jpeg\" alt=\"\" width=\"178\" height=\"210\" srcset=\"http:\/\/bolvadinsevgisi.com\/wp-content\/uploads\/2019\/11\/received_440121646904420.jpeg 1350w, http:\/\/bolvadinsevgisi.com\/wp-content\/uploads\/2019\/11\/received_440121646904420-255x300.jpeg 255w, http:\/\/bolvadinsevgisi.com\/wp-content\/uploads\/2019\/11\/received_440121646904420-870x1024.jpeg 870w, http:\/\/bolvadinsevgisi.com\/wp-content\/uploads\/2019\/11\/received_440121646904420-768x904.jpeg 768w, http:\/\/bolvadinsevgisi.com\/wp-content\/uploads\/2019\/11\/received_440121646904420-1305x1536.jpeg 1305w\" sizes=\"(max-width: 178px) 100vw, 178px\" \/><\/span><\/p>\n<p style=\"text-align: center;\" align=\"center\"><span style=\"color: #000000;\">\u00a0<\/span><\/p>\n<p style=\"text-align: center;\" align=\"center\"><span style=\"color: #000000;\"><img loading=\"lazy\" class=\"\" src=\"http:\/\/www.bolvadinsevgisi.com\/kardesler.jpg\" width=\"461\" height=\"334\" border=\"0\" \/><\/span><\/p>\n<p align=\"center\"><span style=\"color: #000000;\"><b><span style=\"font-family: 'Courier New';\">Babam,ben,karde\u015flerim \u015e\u00fckr\u00fc ve Haydar<br \/>\n(1997)<\/span><\/b><\/span><\/p>\n<p>&nbsp;<\/p>\n<p align=\"center\"><span style=\"color: #000000;\"><img loading=\"lazy\" id=\"_x0000_i1173\" class=\"\" src=\"http:\/\/www.bolvadinsevgisi.com\/Hanei-saadet.jpg\" width=\"451\" height=\"300\" border=\"0\" \/><\/span><\/p>\n<p align=\"center\"><span style=\"color: #000000;\">Evimiz (Hane-i\u00a0 Saadet)<\/span><\/p>\n<p>&nbsp;<\/p>\n<p align=\"center\"><span style=\"color: #000000;\"><img loading=\"lazy\" class=\"\" src=\"http:\/\/www.bolvadinsevgisi.com\/turksat.jpg\" width=\"492\" height=\"369\" border=\"0\" \/><\/span><\/p>\n<p align=\"center\"><span style=\"color: #000000;\"><span style=\"font-family: 'Courier New'; font-size: large;\"><b>Torunum Sait Semih 1 Ya\u015f\u0131nda..<\/b><br \/>\n<\/span><b><span style=\"font-family: 'Courier New'; font-size: medium;\">(5 Haziran 2008)<\/span><\/b><\/span><\/p>\n<p>&nbsp;<\/p>\n<p align=\"center\"><span style=\"color: #000000;\"><img loading=\"lazy\" class=\"\" src=\"http:\/\/www.bolvadinsevgisi.com\/DSCN4175a.jpg\" width=\"503\" height=\"391\" border=\"0\" \/><\/span><\/p>\n<p><span style=\"color: #000000;\">\u00a0<\/span><\/p>\n<p align=\"center\"><span style=\"color: #000000;\"><img loading=\"lazy\" class=\"\" src=\"http:\/\/www.bolvadinsevgisi.com\/o%C4%9Flum%20ve%20torunum.jpg\" width=\"528\" height=\"396\" border=\"0\" \/><\/span><\/p>\n<p align=\"center\"><span style=\"color: #000000;\"><span style=\"font-family: 'Courier New'; font-size: large;\"><b>O\u011flum ve Torunum<br \/>\n<\/b><\/span><b><span style=\"font-family: 'Courier New'; font-size: medium;\">(Eyl\u00fcl 2010)<\/span><\/b><\/span><\/p>\n<p>&nbsp;<\/p>\n<p align=\"center\"><span style=\"color: #000000;\"><img loading=\"lazy\" class=\"\" src=\"http:\/\/www.bolvadinsevgisi.com\/Ankara-Alt%C4%B1nda%C4%9F%20Tacettin%20Dergah%C4%B1%20%20%202010.jpg\" width=\"505\" height=\"363\" border=\"0\" \/><\/span><br \/>\n<span style=\"color: #000000;\"><b><span style=\"font-family: 'Courier New'; font-size: medium;\">\u00a0Tacettin Dergah\u0131<br \/>\nAnkara-Alt\u0131nda\u011f &#8211; 2010<\/span><\/b><\/span><\/p>\n<p>&nbsp;<\/p>\n<p align=\"center\"><span style=\"color: #000000;\"><b><span style=\"font-family: Courier New; font-size: large;\"><img loading=\"lazy\" class=\"\" src=\"http:\/\/www.bolvadinsevgisi.com\/Ankara-Alt%C4%B1nda%C4%9F,%20%20%20%20%20%20%20Tacettin%20Dergah%C4%B1nda%20Muhsin%20YAZICIO%C4%9ELU'nun%20Kabr-i%20%C5%9Eer%C3%AEfi%20%20-%20%20%20%20%20%20%20%202010.JPG\" width=\"487\" height=\"365\" border=\"0\" \/><br \/>\n<\/span><span style=\"font-family: 'Courier New'; font-size: medium;\"><br \/>\nTacettin Dergah\u0131nda<br \/>\nMuhsin YAZICIO\u011eLU&#8217;nun\u00a0Kabr-i \u015eer\u00eefi<br \/>\nAnkara-Alt\u0131nda\u011f &#8211; 2010<\/span><\/b><\/span><\/p>\n<p>&nbsp;<\/p>\n<p align=\"center\"><span style=\"color: #000000;\"><img loading=\"lazy\" class=\"\" src=\"http:\/\/www.bolvadinsevgisi.com\/hacc.jpeg\" width=\"493\" height=\"305\" border=\"0\" \/><\/span><\/p>\n<p align=\"center\"><span style=\"color: #000000;\">Hac &#8211; Kas\u0131m 2011<\/span><\/p>\n<p>&nbsp;<\/p>\n<p align=\"center\"><span style=\"color: #000000;\"><img loading=\"lazy\" class=\" wp-image-2877 aligncenter\" src=\"http:\/\/bolvadinsevgisi.com\/wp-content\/uploads\/2020\/10\/100476491_2981864501868097_2748559210064117760_o.jpg\" alt=\"\" width=\"641\" height=\"416\" srcset=\"http:\/\/bolvadinsevgisi.com\/wp-content\/uploads\/2020\/10\/100476491_2981864501868097_2748559210064117760_o.jpg 1987w, http:\/\/bolvadinsevgisi.com\/wp-content\/uploads\/2020\/10\/100476491_2981864501868097_2748559210064117760_o-300x195.jpg 300w, http:\/\/bolvadinsevgisi.com\/wp-content\/uploads\/2020\/10\/100476491_2981864501868097_2748559210064117760_o-1024x665.jpg 1024w, http:\/\/bolvadinsevgisi.com\/wp-content\/uploads\/2020\/10\/100476491_2981864501868097_2748559210064117760_o-768x499.jpg 768w, http:\/\/bolvadinsevgisi.com\/wp-content\/uploads\/2020\/10\/100476491_2981864501868097_2748559210064117760_o-1536x997.jpg 1536w\" sizes=\"(max-width: 641px) 100vw, 641px\" \/><\/span><\/p>\n<p align=\"center\"><span style=\"color: #000000;\">Torunlar dedelerini k\u00fct\u00fcphaneye g\u00f6t\u00fcrd\u00fc.<\/span><br \/>\n<span style=\"color: #000000;\">(mart 2020)<\/span><\/p>\n<p>[\/vc_column_text][\/vc_column][vc_column width=&#8221;1\/3&#8243; css=&#8221;.vc_custom_1571340522582{background-color: rgba(119,119,117,0.09) !important;*background-color: rgb(119,119,117) !important;}&#8221;][vc_widget_sidebar sidebar_id=&#8221;sidebar-1&#8243;][\/vc_column][\/vc_row]<\/p>\n","protected":false},"excerpt":{"rendered":"<p>[vc_row css=&#8221;.vc_custom_1571339864481{margin-top: 60px !important;}&#8221;][vc_column width=&#8221;2\/3&#8243;][vc_column_text css_animation=&#8221;fadeInUp&#8221; css=&#8221;.vc_custom_1602358148603{margin-top: 10px !important;}&#8221;] DUA Yerleri\u00a0 g\u00f6kleri\u00a0 yaradan\u00a0 Allah, Mal verme, m\u00fclk verme, han verme bana. D\u00fcnyan\u0131n\u00a0 mal\u0131na\u00a0 etmem\u00a0 eyvallah, Ne \u015f\u00f6hret, ne r\u00fctbe, \u015fan verme bana. \u00a0 \u00a0 \u00a0 \u00a0 \u00a0 \u00a0 \u00a0 \u00a0 \u00a0 \u00a0 \u00a0 \u00a0 \u00a0 \u00a0 \u00a0 \u00a0 \u00a0 \u00a0 \u00a0 \u00a0 \u00a0 \u00a0 \u00a0 [&hellip;]<\/p>\n","protected":false},"author":1,"featured_media":0,"parent":0,"menu_order":0,"comment_status":"closed","ping_status":"closed","template":"","meta":[],"yoast_head":"<!-- This site is optimized with the Yoast SEO plugin v15.3 - https:\/\/yoast.com\/wordpress\/plugins\/seo\/ -->\n<title>Ben Kimim - Bolvadin Sevgisi<\/title>\n<meta name=\"description\" content=\"N. Sait Ekici - Kurmu\u015f oldu\u011fum Bolvadin sevgisi sitesinde Bolvadin&#039;in k\u00fclt\u00fcr\u00fc adetleri nostaljik foto\u011fraflar\u0131na ve tan\u0131t\u0131m\u0131na yer veriyorum.\" \/>\n<meta name=\"robots\" content=\"index, follow, max-snippet:-1, max-image-preview:large, max-video-preview:-1\" \/>\n<link rel=\"canonical\" href=\"http:\/\/bolvadinsevgisi.com\/?page_id=2872\" \/>\n<meta property=\"og:locale\" content=\"tr_TR\" \/>\n<meta property=\"og:type\" content=\"article\" \/>\n<meta property=\"og:title\" content=\"Ben Kimim - Bolvadin Sevgisi\" \/>\n<meta property=\"og:description\" content=\"N. Sait Ekici - Kurmu\u015f oldu\u011fum Bolvadin sevgisi sitesinde Bolvadin&#039;in k\u00fclt\u00fcr\u00fc adetleri nostaljik foto\u011fraflar\u0131na ve tan\u0131t\u0131m\u0131na yer veriyorum.\" \/>\n<meta property=\"og:url\" content=\"http:\/\/bolvadinsevgisi.com\/?page_id=2872\" \/>\n<meta property=\"og:site_name\" content=\"Bolvadin Sevgisi\" \/>\n<meta property=\"article:modified_time\" content=\"2020-10-10T19:30:26+00:00\" \/>\n<meta property=\"og:image\" content=\"http:\/\/bolvadinsevgisi.com\/wp-content\/uploads\/2020\/10\/foto.jpg\" \/>\n<meta name=\"twitter:card\" content=\"summary_large_image\" \/>\n<meta name=\"twitter:label1\" content=\"Written by\">\n\t<meta name=\"twitter:data1\" content=\"N. Sait EK\u0130C\u0130\">\n\t<meta name=\"twitter:label2\" content=\"Tahmini okuma s\u00fcresi\">\n\t<meta name=\"twitter:data2\" content=\"1 dakika\">\n<script type=\"application\/ld+json\" class=\"yoast-schema-graph\">{\"@context\":\"https:\/\/schema.org\",\"@graph\":[{\"@type\":\"WebSite\",\"@id\":\"http:\/\/bolvadinsevgisi.com\/#website\",\"url\":\"http:\/\/bolvadinsevgisi.com\/\",\"name\":\"Bolvadin Sevgisi\",\"description\":\"Bolvadin Sevgisi | Bolvadin Tarihi, K\\u00fclt\\u00fcr\\u00fc, Foto\\u011fraflar\\u0131\",\"potentialAction\":[{\"@type\":\"SearchAction\",\"target\":\"http:\/\/bolvadinsevgisi.com\/?s={search_term_string}\",\"query-input\":\"required name=search_term_string\"}],\"inLanguage\":\"tr\"},{\"@type\":\"ImageObject\",\"@id\":\"http:\/\/bolvadinsevgisi.com\/?page_id=2872#primaryimage\",\"inLanguage\":\"tr\",\"url\":\"http:\/\/bolvadinsevgisi.com\/wp-content\/uploads\/2020\/10\/foto.jpg\",\"width\":350,\"height\":265},{\"@type\":\"WebPage\",\"@id\":\"http:\/\/bolvadinsevgisi.com\/?page_id=2872#webpage\",\"url\":\"http:\/\/bolvadinsevgisi.com\/?page_id=2872\",\"name\":\"Ben Kimim - Bolvadin Sevgisi\",\"isPartOf\":{\"@id\":\"http:\/\/bolvadinsevgisi.com\/#website\"},\"primaryImageOfPage\":{\"@id\":\"http:\/\/bolvadinsevgisi.com\/?page_id=2872#primaryimage\"},\"datePublished\":\"2020-10-10T19:00:44+00:00\",\"dateModified\":\"2020-10-10T19:30:26+00:00\",\"description\":\"N. Sait Ekici - Kurmu\\u015f oldu\\u011fum Bolvadin sevgisi sitesinde Bolvadin'in k\\u00fclt\\u00fcr\\u00fc adetleri nostaljik foto\\u011fraflar\\u0131na ve tan\\u0131t\\u0131m\\u0131na yer veriyorum.\",\"inLanguage\":\"tr\",\"potentialAction\":[{\"@type\":\"ReadAction\",\"target\":[\"http:\/\/bolvadinsevgisi.com\/?page_id=2872\"]}]}]}<\/script>\n<!-- \/ Yoast SEO plugin. -->","_links":{"self":[{"href":"http:\/\/bolvadinsevgisi.com\/index.php?rest_route=\/wp\/v2\/pages\/2872"}],"collection":[{"href":"http:\/\/bolvadinsevgisi.com\/index.php?rest_route=\/wp\/v2\/pages"}],"about":[{"href":"http:\/\/bolvadinsevgisi.com\/index.php?rest_route=\/wp\/v2\/types\/page"}],"author":[{"embeddable":true,"href":"http:\/\/bolvadinsevgisi.com\/index.php?rest_route=\/wp\/v2\/users\/1"}],"replies":[{"embeddable":true,"href":"http:\/\/bolvadinsevgisi.com\/index.php?rest_route=%2Fwp%2Fv2%2Fcomments&post=2872"}],"version-history":[{"count":10,"href":"http:\/\/bolvadinsevgisi.com\/index.php?rest_route=\/wp\/v2\/pages\/2872\/revisions"}],"predecessor-version":[{"id":2887,"href":"http:\/\/bolvadinsevgisi.com\/index.php?rest_route=\/wp\/v2\/pages\/2872\/revisions\/2887"}],"wp:attachment":[{"href":"http:\/\/bolvadinsevgisi.com\/index.php?rest_route=%2Fwp%2Fv2%2Fmedia&parent=2872"}],"curies":[{"name":"wp","href":"https:\/\/api.w.org\/{rel}","templated":true}]}}