{"id":2516,"date":"2020-01-04T19:46:07","date_gmt":"2020-01-04T16:46:07","guid":{"rendered":"http:\/\/bolvadinsevgisi.com\/?page_id=2516"},"modified":"2020-01-26T23:43:47","modified_gmt":"2020-01-26T20:43:47","slug":"2516-2","status":"publish","type":"page","link":"http:\/\/bolvadinsevgisi.com\/?page_id=2516","title":{"rendered":"Bolvadin&#8217;in Temel Ta\u015flar\u0131"},"content":{"rendered":"<p>[vc_row full_width=&#8221;stretch_row_content&#8221; gap=&#8221;10&#8243; css=&#8221;.vc_custom_1580071422897{margin-top: 80px !important;margin-right: 60px !important;margin-bottom: 60px !important;margin-left: 60px !important;border-right-width: 30px !important;border-bottom-width: 0px !important;border-left-width: 30px !important;}&#8221;][vc_column width=&#8221;3\/4&#8243; css=&#8221;.vc_custom_1578166650492{background-color: rgba(159,160,155,0.09) !important;*background-color: rgb(159,160,155) !important;border-radius: 15px !important;}&#8221;][vc_column_text css_animation=&#8221;fadeIn&#8221; css=&#8221;.vc_custom_1579786263687{margin-top: 10px !important;}&#8221;]<img loading=\"lazy\" class=\"alignnone size-full wp-image-2519\" src=\"http:\/\/bolvadinsevgisi.com\/wp-content\/uploads\/2020\/01\/Bolvadinin-Temel-Ta\u015flar\u0131_.jpg\" alt=\"Bolvadin'in Temel Ta\u015flar\u0131\" width=\"2159\" height=\"665\" srcset=\"http:\/\/bolvadinsevgisi.com\/wp-content\/uploads\/2020\/01\/Bolvadinin-Temel-Ta\u015flar\u0131_.jpg 2159w, http:\/\/bolvadinsevgisi.com\/wp-content\/uploads\/2020\/01\/Bolvadinin-Temel-Ta\u015flar\u0131_-300x92.jpg 300w, http:\/\/bolvadinsevgisi.com\/wp-content\/uploads\/2020\/01\/Bolvadinin-Temel-Ta\u015flar\u0131_-1024x315.jpg 1024w, http:\/\/bolvadinsevgisi.com\/wp-content\/uploads\/2020\/01\/Bolvadinin-Temel-Ta\u015flar\u0131_-768x237.jpg 768w, http:\/\/bolvadinsevgisi.com\/wp-content\/uploads\/2020\/01\/Bolvadinin-Temel-Ta\u015flar\u0131_-1536x473.jpg 1536w, http:\/\/bolvadinsevgisi.com\/wp-content\/uploads\/2020\/01\/Bolvadinin-Temel-Ta\u015flar\u0131_-2048x631.jpg 2048w\" sizes=\"(max-width: 2159px) 100vw, 2159px\" \/><\/p>\n<p><span style=\"color: #800000;\"><strong><em>\u0130THAF:<\/em><\/strong><\/span><\/p>\n<p><span style=\"color: #800000;\"><strong>\u00a0<em> B\u00fcy\u00fck ve daimi h\u00fcrmetlerin k\u00fc\u00e7\u00fck bir hediyesi olmak \u00fczere, \u00c7ar\u015f\u0131\u2019n\u0131n mihenk ta\u015flar\u0131ndan olan, m\u00fcmtaz, bilge insan; dedem <span style=\"color: #000000;\">Ekmek\u00e7i \u015eevki Ekici<\/span>\u2019nin ve babam <span style=\"color: #000000;\">Foto\u011fraf\u00e7\u0131 Tacettin<\/span>\u2019in aziz hat\u0131ralar\u0131na\u2026 <\/em><\/strong><\/span><\/p>\n<h2 style=\"text-align: center;\"><strong><br \/>\n\u00d6NS\u00d6Z<\/strong><\/h2>\n<p>Milletler ve toplumlar, kendi alan\u0131nda yeti\u015fmi\u015f \u015fahsiyetlerle ya\u015farlar ve an\u0131l\u0131rlar. G\u00fcn\u00fcm\u00fcz toplumunun gen\u00e7 ve dinamik nesillerine, \u00f6rnek al\u0131nacak bu insan modellerini tan\u0131tmam\u0131z gerekir. Bolvadin\u2019de yeti\u015fmi\u015f olup rahmet-i rahman\u2019a kavu\u015fmu\u015f olan ge\u00e7mi\u015flerimizin s\u00f6zlerini, \u00f6zlerini, hayatlar\u0131n\u0131, ya\u015fad\u0131klar\u0131n\u0131, kahramanl\u0131lar\u0131n\u0131 gere\u011fi kadar ve tan\u0131m\u0131yor ve bilmiyoruz.<\/p>\n<p>Ge\u00e7mi\u015fe \u00f6zlem duymak, vazge\u00e7ilmeyen insani duygulard\u0131r. Ge\u00e7mi\u015f unutulmamal\u0131 ve hep hat\u0131rlanmal\u0131. Ge\u00e7mi\u015fe sayg\u0131 duyarak gelecek \u015fekillenmeli. \u0130nsanlar ya\u015fland\u0131k\u00e7a, hat\u0131ralar\u0131yla ya\u015famaya ba\u015flarlar. Yokluk ve s\u0131k\u0131nt\u0131lar i\u00e7erisinde ge\u00e7en \u00e7ocukluk ve gen\u00e7lik y\u0131llar\u0131nda kazan\u0131lan al\u0131\u015fkanl\u0131lar ile \u00f6\u011fretilerin de\u011ferini, g\u00fcn\u00fcm\u00fczdeki ya\u015fan\u0131lan t\u00fcketim toplumunu g\u00f6rd\u00fck\u00e7e daha iyi anl\u0131yorum.<\/p>\n<p>Bolvadinli olarak zengin bir k\u00fclt\u00fcre sahibiz. Bu k\u00fclt\u00fcr\u00fcn zamanla unutulmaya ba\u015flad\u0131\u011f\u0131n\u0131 g\u00f6r\u00fcnce, belli ya\u015fa gelmi\u015f; g\u00fcng\u00f6rm\u00fc\u015f, umur g\u00f6rm\u00fc\u015f b\u00fcy\u00fcklerimle r\u00f6portajlar yaparak bunu <strong>\u201cBolvadin\u2019in As\u0131rl\u0131k \u00c7\u0131narlar\u0131\u201d<\/strong> ba\u015fl\u0131\u011f\u0131 alt\u0131nda <strong>\u201c24 Eyl\u00fcl Gazetesi\u201d<\/strong>nde yay\u0131mlad\u0131m. Toplumun ilgisini \u00e7ok \u00e7ekince kitap haline getirdim. Bolvadin\u2019de ya\u015fayan her ki\u015finin Bolvadinliye bir vefa borcu vard\u0131r. Topra\u011f\u0131na bast\u0131\u011f\u0131m, havas\u0131n\u0131 soludu\u011fum, suyunu i\u00e7ti\u011fim, g\u00fczel insanlar\u0131yla muhabbet etti\u011fim, il\u00e7emizde iz b\u0131rak\u0131p f\u00e2ni olan g\u00f6n\u00fcl insanlar\u0131n\u0131n hayatlar\u0131n\u0131 yazmaya karar verdim. Ge\u00e7mi\u015ften kayda ge\u00e7en her \u015fey, selin \u00f6n\u00fcnden k\u00fct\u00fck kurtarmak gibidir.<\/p>\n<p>Bu hayat hikayelerini yazmaya ba\u015flamadan \u00f6nce tek \u015f\u00fcphem ve korkum vard\u0131: kul hakk\u0131na girmek\u2026 Ahirete g\u00f6\u00e7m\u00fc\u015f olan, kendilerini savunacak durumda olmayan ki\u015filer hakk\u0131nda yanl\u0131\u015f yazar\u0131m korkusu\u2026 De\u011ferli a\u011fabeyim Ali \u0130hsan Murato\u011flu: <strong>\u201cSen bu konulara kar\u015f\u0131 titizsin dikkat edersin, ara\u015ft\u0131r, kitap haline getir, bir sahip \u00e7\u0131kan olur.\u201d <\/strong>diyerek beni te\u015fvik etti. Bu hayat hikayelerini ara\u015ft\u0131r\u0131p yazmama sebep olan etkenlerin ba\u015f\u0131nda; f\u00e2ni olan insanlar\u0131m\u0131z\u0131n unutulmamas\u0131, ge\u00e7mi\u015fte ya\u015fanan yokluklar\u0131n, s\u0131k\u0131nt\u0131lar\u0131n, cefalar\u0131n, \u00e7ekilen ac\u0131lar\u0131n, mutluluklar\u0131n unutulmamas\u0131. Ayr\u0131ca, hi\u00e7bir \u015feyden haberi olmayan yeni neslin bunlardan bir ders \u00e7\u0131karmas\u0131 i\u00e7indir.<\/p>\n<p>Ya\u015fl\u0131lar\u0131 ayakta tutan hat\u0131ralar\u0131d\u0131r. Her insan bir kitapt\u0131r okumas\u0131n\u0131 bilene. Hayat hikayelerini ara\u015ft\u0131r\u0131rken kar\u015f\u0131ma; mill\u00ee tarihimiz, ya\u015fanan ve ya\u015fanm\u0131\u015f k\u00fclt\u00fcr\u00fcm\u00fcz, cemiyet hayat\u0131m\u0131z, ac\u0131lar, sevin\u00e7ler, mutluluklar \u00e7\u0131kt\u0131. Ara\u015ft\u0131r\u0131p yazd\u0131k\u00e7a hevesim artt\u0131. Ge\u00e7mi\u015fte ya\u015fanan olaylar\u0131, gelecek nesillere ta\u015f\u0131yor olmak bana h\u0131z verdi. Ki\u015filer \u00fczerinden; tarihimize, \u00e2det, gelenek ve g\u00f6reneklerimize yer vermeye \u00e7al\u0131\u015ft\u0131m. Bolvadin a\u011fz\u0131n\u0131 bozmamak i\u00e7in baz\u0131 kelime ve deyimlerde yaz\u0131m kurallar\u0131n\u0131 dikkate almad\u0131m. Kitaba <strong>\u201cBolvadin\u2019in Temel Ta\u015flar\u0131\u201d <\/strong>ad\u0131n\u0131 vermeye karar verdim. Bu arada, g\u00f6zden ka\u00e7\u0131rd\u0131\u011f\u0131m veya yeterli bilgiye ula\u015famad\u0131\u011f\u0131m pek \u00e7ok Bolvadinli oldu.<\/p>\n<p>Bu kitap ve i\u00e7erisinde ge\u00e7en olaylar <strong>\u201cmir\u00ee mal\u201d<\/strong>\u0131nd\u0131r. Halk\u0131n mal\u0131d\u0131r. Bolvadin\u2019de ya\u015fay\u0131p, ebediyete intikal etmi\u015f ge\u00e7mi\u015flerimizin ve gelecek nesillerindir. Kitapta ge\u00e7en ki\u015filerin hayatlar\u0131n\u0131 okurken ho\u015f\u00e7a vakit ge\u00e7irecek, derin d\u00fc\u015f\u00fcncelere dalacak, bazen ne\u015felenecek, bazen kahkahalarla g\u00fclecek, bazen h\u00fcz\u00fcnlenecek, yeri geldi\u011finde g\u00f6zya\u015f\u0131 d\u00f6kecek, ge\u00e7mi\u015fte ya\u015fananlar bir film \u015feridi gibi g\u00f6zlerinizin \u00f6n\u00fcnden ge\u00e7ecektir.<\/p>\n<p>\u00c7al\u0131\u015fmalar\u0131m s\u0131ras\u0131nda manevi deste\u011fini ve bilgilerini esirgemeyen de\u011ferli hocalar\u0131m Ali \u0130hsan Murato\u011flu\u2019na, Osman G\u00f6ker\u2019e, Muharrem Bayar\u2019a; ayr\u0131ca bu hayat hikayelerini tefrika halinde gazetelerinde yay\u0131mlayan <strong>\u201c24 Eyl\u00fcl Gazetesi\u201d<\/strong> sahipleri Sad\u0131k ve Sel\u00e7uk Bosnal\u0131\u2019ya; kitab\u0131n bas\u0131m\u0131n\u0131 \u00fcstlenip halkla bulu\u015fmas\u0131n\u0131 sa\u011flayan \u2026..te\u015fekk\u00fcr ederim. \u00c7al\u0131\u015fmalar\u0131m s\u0131ras\u0131nda bana destek verip, bilgilerini payla\u015fan sevgili e\u015fim Halime Han\u0131m\u2019a ve k\u0131z\u0131m Merve\u2019ye te\u015fekk\u00fcr ve minnetim sonsuzdur.<\/p>\n<p>&nbsp;<\/p>\n<p>Bu \u00e7al\u0131\u015fma, sadece <strong>r\u0131za-i lillah<\/strong> i\u00e7in yap\u0131lan bir \u00e7al\u0131\u015fmad\u0131r. \u00d6l\u00fcm kap\u0131m\u0131z\u0131 \u00e7ald\u0131\u011f\u0131 zaman, bir sevgimiz olsun d\u00fcnyada kalan. Burada okuyuculara d\u00fc\u015fen, Allah\u2019\u0131n liman\u0131na s\u0131\u011f\u0131nanlara bir Fatiha hediye etmektir. B\u00f6yle bir eserin meydana gelmesine beni vesile k\u0131ld\u0131\u011f\u0131 i\u00e7in Allah\u2019a hamd ve \u015f\u00fck\u00fcrler ediyorum.<\/p>\n<p style=\"text-align: right;\">N. Sait EK\u0130C\u0130<br \/>\n2019 Bolvadin[\/vc_column_text][\/vc_column][vc_column css_animation=&#8221;fadeInUp&#8221; width=&#8221;1\/4&#8243; css=&#8221;.vc_custom_1578166613299{background-color: #eaeaea !important;border-radius: 15px !important;}&#8221;][vc_widget_sidebar sidebar_id=&#8221;cs-1&#8243;][\/vc_column][\/vc_row]<\/p>\n","protected":false},"excerpt":{"rendered":"<p>[vc_row full_width=&#8221;stretch_row_content&#8221; gap=&#8221;10&#8243; css=&#8221;.vc_custom_1580071422897{margin-top: 80px !important;margin-right: 60px !important;margin-bottom: 60px !important;margin-left: 60px !important;border-right-width: 30px !important;border-bottom-width: 0px !important;border-left-width: 30px !important;}&#8221;][vc_column width=&#8221;3\/4&#8243; css=&#8221;.vc_custom_1578166650492{background-color: rgba(159,160,155,0.09) !important;*background-color: rgb(159,160,155) !important;border-radius: 15px !important;}&#8221;][vc_column_text css_animation=&#8221;fadeIn&#8221; css=&#8221;.vc_custom_1579786263687{margin-top: 10px !important;}&#8221;] \u0130THAF: \u00a0 B\u00fcy\u00fck ve daimi h\u00fcrmetlerin k\u00fc\u00e7\u00fck bir hediyesi olmak \u00fczere, \u00c7ar\u015f\u0131\u2019n\u0131n mihenk ta\u015flar\u0131ndan olan, m\u00fcmtaz, bilge insan; dedem Ekmek\u00e7i \u015eevki Ekici\u2019nin ve babam Foto\u011fraf\u00e7\u0131 [&hellip;]<\/p>\n","protected":false},"author":1,"featured_media":0,"parent":0,"menu_order":0,"comment_status":"closed","ping_status":"closed","template":"","meta":[],"yoast_head":"<!-- This site is optimized with the Yoast SEO plugin v15.3 - https:\/\/yoast.com\/wordpress\/plugins\/seo\/ -->\n<title>Bolvadin&#039;in Temel Ta\u015flar\u0131 - Bolvadin Sevgisi Sevgisi<\/title>\n<meta name=\"description\" content=\"N. Sait Ekici taraf\u0131ndan haz\u0131rlanan Bolvadin&#039;in Temel Ta\u015flar\u0131 kitab\u0131 i\u00e7eri\u011fi, Bolvadin&#039;in K\u00fclt\u00fcr\u00fc, adetleri - Bolvadin Sevgisi\" \/>\n<meta name=\"robots\" content=\"index, follow, max-snippet:-1, max-image-preview:large, max-video-preview:-1\" \/>\n<link rel=\"canonical\" href=\"http:\/\/bolvadinsevgisi.com\/?page_id=2516\" \/>\n<meta property=\"og:locale\" content=\"tr_TR\" \/>\n<meta property=\"og:type\" content=\"article\" \/>\n<meta property=\"og:title\" content=\"Bolvadin&#039;in Temel Ta\u015flar\u0131 - Bolvadin Sevgisi Sevgisi\" \/>\n<meta property=\"og:description\" content=\"N. Sait Ekici taraf\u0131ndan haz\u0131rlanan Bolvadin&#039;in Temel Ta\u015flar\u0131 kitab\u0131 i\u00e7eri\u011fi, Bolvadin&#039;in K\u00fclt\u00fcr\u00fc, adetleri - Bolvadin Sevgisi\" \/>\n<meta property=\"og:url\" content=\"http:\/\/bolvadinsevgisi.com\/?page_id=2516\" \/>\n<meta property=\"og:site_name\" content=\"Bolvadin Sevgisi\" \/>\n<meta property=\"article:modified_time\" content=\"2020-01-26T20:43:47+00:00\" \/>\n<meta property=\"og:image\" content=\"http:\/\/bolvadinsevgisi.com\/wp-content\/uploads\/2020\/01\/Bolvadinin-Temel-Ta\u015flar\u0131_.jpg\" \/>\n<meta name=\"twitter:card\" content=\"summary_large_image\" \/>\n<meta name=\"twitter:label1\" content=\"Written by\">\n\t<meta name=\"twitter:data1\" content=\"N. Sait EK\u0130C\u0130\">\n\t<meta name=\"twitter:label2\" content=\"Tahmini okuma s\u00fcresi\">\n\t<meta name=\"twitter:data2\" content=\"4 dakika\">\n<script type=\"application\/ld+json\" class=\"yoast-schema-graph\">{\"@context\":\"https:\/\/schema.org\",\"@graph\":[{\"@type\":\"WebSite\",\"@id\":\"http:\/\/bolvadinsevgisi.com\/#website\",\"url\":\"http:\/\/bolvadinsevgisi.com\/\",\"name\":\"Bolvadin Sevgisi\",\"description\":\"Bolvadin Sevgisi | Bolvadin Tarihi, K\\u00fclt\\u00fcr\\u00fc, Foto\\u011fraflar\\u0131\",\"potentialAction\":[{\"@type\":\"SearchAction\",\"target\":\"http:\/\/bolvadinsevgisi.com\/?s={search_term_string}\",\"query-input\":\"required name=search_term_string\"}],\"inLanguage\":\"tr\"},{\"@type\":\"ImageObject\",\"@id\":\"http:\/\/bolvadinsevgisi.com\/?page_id=2516#primaryimage\",\"inLanguage\":\"tr\",\"url\":\"http:\/\/bolvadinsevgisi.com\/wp-content\/uploads\/2020\/01\/Bolvadinin-Temel-Ta\\u015flar\\u0131_.jpg\",\"width\":2159,\"height\":665,\"caption\":\"Bolvadin'in Temel Ta\\u015flar\\u0131\"},{\"@type\":\"WebPage\",\"@id\":\"http:\/\/bolvadinsevgisi.com\/?page_id=2516#webpage\",\"url\":\"http:\/\/bolvadinsevgisi.com\/?page_id=2516\",\"name\":\"Bolvadin'in Temel Ta\\u015flar\\u0131 - Bolvadin Sevgisi Sevgisi\",\"isPartOf\":{\"@id\":\"http:\/\/bolvadinsevgisi.com\/#website\"},\"primaryImageOfPage\":{\"@id\":\"http:\/\/bolvadinsevgisi.com\/?page_id=2516#primaryimage\"},\"datePublished\":\"2020-01-04T16:46:07+00:00\",\"dateModified\":\"2020-01-26T20:43:47+00:00\",\"description\":\"N. Sait Ekici taraf\\u0131ndan haz\\u0131rlanan Bolvadin'in Temel Ta\\u015flar\\u0131 kitab\\u0131 i\\u00e7eri\\u011fi, Bolvadin'in K\\u00fclt\\u00fcr\\u00fc, adetleri - Bolvadin Sevgisi\",\"inLanguage\":\"tr\",\"potentialAction\":[{\"@type\":\"ReadAction\",\"target\":[\"http:\/\/bolvadinsevgisi.com\/?page_id=2516\"]}]}]}<\/script>\n<!-- \/ Yoast SEO plugin. -->","_links":{"self":[{"href":"http:\/\/bolvadinsevgisi.com\/index.php?rest_route=\/wp\/v2\/pages\/2516"}],"collection":[{"href":"http:\/\/bolvadinsevgisi.com\/index.php?rest_route=\/wp\/v2\/pages"}],"about":[{"href":"http:\/\/bolvadinsevgisi.com\/index.php?rest_route=\/wp\/v2\/types\/page"}],"author":[{"embeddable":true,"href":"http:\/\/bolvadinsevgisi.com\/index.php?rest_route=\/wp\/v2\/users\/1"}],"replies":[{"embeddable":true,"href":"http:\/\/bolvadinsevgisi.com\/index.php?rest_route=%2Fwp%2Fv2%2Fcomments&post=2516"}],"version-history":[{"count":31,"href":"http:\/\/bolvadinsevgisi.com\/index.php?rest_route=\/wp\/v2\/pages\/2516\/revisions"}],"predecessor-version":[{"id":2864,"href":"http:\/\/bolvadinsevgisi.com\/index.php?rest_route=\/wp\/v2\/pages\/2516\/revisions\/2864"}],"wp:attachment":[{"href":"http:\/\/bolvadinsevgisi.com\/index.php?rest_route=%2Fwp%2Fv2%2Fmedia&parent=2516"}],"curies":[{"name":"wp","href":"https:\/\/api.w.org\/{rel}","templated":true}]}}