{"id":2384,"date":"2019-10-18T10:10:29","date_gmt":"2019-10-18T07:10:29","guid":{"rendered":"http:\/\/bolvadinsevgisi.com\/?page_id=2384"},"modified":"2019-10-18T10:10:29","modified_gmt":"2019-10-18T07:10:29","slug":"olculu-sozlerimiz","status":"publish","type":"page","link":"http:\/\/bolvadinsevgisi.com\/?page_id=2384","title":{"rendered":"\u00d6l\u00e7\u00fcl\u00fc S\u00f6zlerimiz"},"content":{"rendered":"<p>[vc_row css=&#8221;.vc_custom_1571339864481{margin-top: 60px !important;}&#8221;][vc_column width=&#8221;2\/3&#8243;][vc_column_text css_animation=&#8221;fadeInUp&#8221; css=&#8221;.vc_custom_1571382592644{margin-top: 10px !important;}&#8221;]<\/p>\n<h2>\u00d6l\u00e7\u00fcl\u00fc S\u00f6zlerimiz<\/h2>\n<p>S\u00f6z bilirsen s\u00f6z s\u00f6yle, s\u00f6z\u00fcnden ibret als\u0131nlar;<br \/>\nS\u00f6z bilmezsen sus da, seni adam sans\u0131nlar.<\/p>\n<p>\u015eu \u00e7e\u015fmenin haline bak, i\u00e7ecek bir tas\u0131 yok;<br \/>\nK\u0131rma kimsenin kalbini yapacak ustas\u0131 yok.<\/p>\n<p>Allah isterse bir ki\u015finin i\u015fini,<br \/>\nMermere bile ge\u00e7irir di\u015fini.<br \/>\n\u0130stemezse bir ki\u015finin i\u015fini,<br \/>\nS\u00fctla\u00e7 yerken k\u0131rar di\u015fini.<\/p>\n<p>Ye ya\u011fl\u0131y\u0131 i\u00e7 suyu dondurursa dondursun;<br \/>\nYe tatl\u0131y\u0131 i\u00e7me suyu, yand\u0131r\u0131rsa yand\u0131rs\u0131n.<\/p>\n<p>D\u00fcnya mal\u0131 elde iken hep d\u00fc\u015fmanlar dost olur;<br \/>\nElde bir \u015fey kalmay\u0131nca dost bile d\u00fc\u015fman olur.<\/p>\n<p>\u0130timad\u0131 l\u00fctuf san\u0131p borca sar\u0131lma,<br \/>\nBirg\u00fcn istenecektir sak\u0131n dar\u0131lma.<\/p>\n<p>Ak\u015fam yedin g\u00fclla\u00e7,<br \/>\nBen yedim bulama\u00e7.<br \/>\nSabahleyin kalkt\u0131n;<br \/>\nSenin de karn\u0131n a\u00e7,<br \/>\nBenim de karn\u0131m a\u00e7.<\/p>\n<p>Yontma,\u00a0 keser gibi\u00a0 \u201dhep bana, hep bana\u201d<br \/>\nSavurma rende gibi\u00a0 \u201cal sana, al sana.\u201d<br \/>\n\u00c2dil ol testere gibi\u00a0 \u201cbir sana, bir bana.\u201d<\/p>\n<p>Gelenin az\u0131 olmaz,<br \/>\nGoca g\u0131z\u0131n naz\u0131 olmaz.<\/p>\n<p>T\u0131ng\u0131r elek, t\u0131ng\u0131r sa\u00e7;<br \/>\nElin ham\u0131r, garn\u0131n a\u00e7.<\/p>\n<p>\u00c7oban olmak istersen, da\u011fda ba\u015fla.<br \/>\n\u00c7ift\u00e7i olmak istersen,\u00a0 nadas\u0131 \u00fc\u00e7le.<br \/>\nEsnaf olmak istersen,\u00a0 k\u00fc\u00e7\u00fckten ba\u015fla.<br \/>\nAllah\u2019a yakla\u015fmak istersen,\u00a0 namaza ba\u015fla.<\/p>\n<p>G\u00fcnd\u00fczleri yok yok diye a\u011flar,<br \/>\nGeceleri gatmer ya\u011flar.<\/p>\n<p>Sana vereyim bir \u00f6\u011f\u00fct,ununu elinle \u00f6\u011f\u00fct,<br \/>\nEl \u00e7\u0131nar\u0131ndan iyidir, senin olan e\u011fri s\u00f6\u011f\u00fct.<\/p>\n<p>Bir ki\u015fi besmele ile sabahleyin kalksa;<br \/>\nErkenden d\u00fckkan\u0131na, i\u015fine varsa.<br \/>\nBal, \u015feker katar a\u015f\u0131na;<br \/>\nDevlet ku\u015fu konar ba\u015f\u0131na.<\/p>\n<p>Gece ya\u011far g\u00fcnd\u00fcz a\u00e7\u0131l\u0131r hava ho\u015f olur;<br \/>\nGar\u0131 s\u00f6yler,\u00a0 goca dinler ge\u00e7im ho\u015f olur.<\/p>\n<p>Aba\u00a0 da bi,\u00a0 \u00e7ufa da bi geyene;<br \/>\nG\u00f6zel\u00a0 de bi, \u00e7ikin de bi sevene.<\/p>\n<p>A\u011fac\u0131n \u00e7\u00fcr\u00fc\u011f\u00fc \u00f6z\u00fcnden,<br \/>\nEl i\u00e7in a\u011flayan g\u00f6z\u00fcnden,<br \/>\nAdam\u0131n k\u00f6t\u00fcs\u00fc s\u00f6z\u00fcnden bellolurmu\u015f.<\/p>\n<p>Al zengin g\u0131z\u0131n\u0131<br \/>\nD\u00f6ndersin buba evine;<br \/>\nAl fukara g\u0131z\u0131n\u0131,<br \/>\nG\u00f6ndersin bubas\u0131 evine.<\/p>\n<p>\u00c2lim\u00a0 var\u0131kan dilini dut,<br \/>\nUsta var\u0131kan elini dut.<\/p>\n<p>Ali\u2019ynen Veli<br \/>\n\u00dc\u00e7 de ondan eveli<br \/>\nIramazan \u015eaban,<br \/>\nIrametlik senin buban,<br \/>\nAy yavr\u0131m, goca m\u0131 g\u00f6rd\u00fc anan.<\/p>\n<p>Alma \u015feher g\u0131z\u0131n\u0131<br \/>\n\u201cHamam\u201d der a\u011flar,<br \/>\nAlma k\u00f6yl\u00fc g\u0131z\u0131n\u0131<br \/>\n\u201cHarman\u201d der a\u011flar.<\/p>\n<p>Bekar g\u00f6z\u00fcynen g\u0131z alma<br \/>\nGece g\u00f6z\u00fcynen bez alma.<\/p>\n<p>Boyunu bulamayan g\u00f6zel<br \/>\nS\u00fcr\u00fcne s\u00fcr\u00fcne gezer,<br \/>\nYerini bulameyan g\u00f6zel<br \/>\nYerine yerine gezer.<\/p>\n<p>\u00c7a\u011f\u0131r\u0131lan yere var, erinme<br \/>\n\u00c7a\u011f\u0131r\u0131lmeyan yere g\u00f6r\u00fcnme.<\/p>\n<p>Da\u011f ba\u015f\u0131na ev yapma yel al\u0131r,<br \/>\nAl\u00e7ak yere \u00a0ekin ekme sel al\u0131r,<br \/>\nya\u015fl\u0131ysan gepegen\u00e7 alma el al\u0131r.<\/p>\n<p>\u201cDah\u201d\u00a0 demeden y\u00f6r\u00fcyen at,<br \/>\nBuyurmadan dutan evlat,<br \/>\nBir\u00a0 de eyi \u00e7\u0131kd\u0131 m\u0131 avrat,<br \/>\nD\u00fc\u011f\u00fcn\u00fc n\u2019etcen,<br \/>\nGir oyna , \u00e7\u0131k oyna.<\/p>\n<p>Habubam ha, \u00a0y\u00f6r\u00fcmez at,<br \/>\nBir kupa su vermez evlat,<br \/>\nDirliksiz \u00e7\u0131kd\u0131 m\u0131 avrat,<br \/>\n\u00d6l\u00fcy\u00fc\u00a0 n\u2019etcen<br \/>\nGir a\u011fla, \u00e7\u0131k a\u011fla.<\/p>\n<p>Da\u015fd\u0131\u011f\u0131 g\u00fcn goycan,<br \/>\n\u015ea\u015fd\u0131\u011f\u0131n g\u00fcn eline gelcek.<\/p>\n<p>Dumans\u0131z baca,<br \/>\nSar\u0131ks\u0131z hoca,<br \/>\nGavgas\u0131z goca olmaz.<\/p>\n<p>Dur dur durmu\u015fa var,<br \/>\nAsgerden gelmi\u015fe var<br \/>\nGar\u0131s\u0131 \u00f6lene var,<br \/>\nG\u0131ymet\u0131n bilene var.<\/p>\n<p>D\u00fc\u011f\u00fcne gider zurna be\u011fenmez,<br \/>\nHamama gider gurna be\u011fenmez.<\/p>\n<p>Eli ham\u0131r ovalar,<br \/>\nG\u00f6z\u00fc g\u0131r\u0131k govalar.<\/p>\n<p>Ehli keyfe keyif veri<br \/>\nGayfenin gaynamas\u0131.<br \/>\nE\u015fe\u011fi yoldan \u00e7\u0131kar\u0131,<br \/>\nS\u0131pan\u0131n oynamas\u0131.<\/p>\n<p>Elo\u011flu sa\u011f severimi\u015f,<br \/>\nEl g\u0131z\u0131 var severimi\u015f.<\/p>\n<p>Erkek s\u00f6yler, gad\u0131n dinner,<br \/>\nEv d\u00fczg\u00fcnn\u00fc\u011f\u00fc,<br \/>\nKad\u0131n\u00a0 s\u00f6yler, erkek dinner,<br \/>\nEv bozgunnu\u011fu<\/p>\n<p>Erkekdir, gad\u0131n\u0131 ye\u015fil yaprak eder;<br \/>\nErkekdir, gad\u0131n\u0131 gara toprak eder.<\/p>\n<p>Garde\u015fden gar\u0131n yak\u0131n,<br \/>\nDeveli\u2019den\u00a0 har\u0131m yak\u0131n.<\/p>\n<p>Gar\u0131 var,\u00a0 \u00e7erden \u00e7\u00f6pden a\u015f eder,<br \/>\nGar\u0131 var, bi\u015fmi\u015f a\u015f\u0131 da\u015f eder.<\/p>\n<p>G\u0131z\u0131d\u0131m, sultan\u0131d\u0131m,<br \/>\nNi\u015fannand\u0131m Han oldum,<br \/>\nGelin oldum gul oldum,<br \/>\nAyaklara \u00e7ul oldum.<\/p>\n<p>Ha\u015fge\u015fin garas\u0131 var,<br \/>\nHer \u015feyin s\u0131ras\u0131 var.<\/p>\n<p>Hep deli , h\u00fcp deli;<br \/>\nBe\u015fikdeki de gafas\u0131n\u0131 salleyyo:<br \/>\n\u201cBen de deliyin\u201d \u00a0deyyo.<\/p>\n<p>\u0130nsano\u011flu hilek\u00e2rd\u0131r,<br \/>\nKimse bilmez fendini;<br \/>\nKime eyilik ettiysen,<br \/>\nSak\u0131n ondan kendini.<\/p>\n<p>Namaz g\u0131larsan mesin olmal\u0131,<br \/>\nHayvan beslersen kes\u2019in olmal\u0131,<br \/>\n\u00c2\u015f\u0131k olcasan sesin olmal\u0131.<\/p>\n<p>Zemheriden sonra ekilen dar\u0131dan;<br \/>\nGocas\u0131ndan sonra kalkan gar\u0131dan;<br \/>\nG\u00fcnd\u00f6n\u00fcm\u00fcnden sonra \u00e7\u0131kan ar\u0131dan;<br \/>\n\u0130lmiyle amel etmeyen hocadan;<br \/>\nHep yalan s\u00f6yleyen hac\u0131dan;<br \/>\nGar\u0131ya g.t\u00fcn\u00fc d\u00f6n\u00fcp yatan gocadan;<br \/>\nHay\u0131r gelmez !!!<\/p>\n<p>Ya\u011fm\u0131r g\u00f6rmeyen dar\u0131dan,<br \/>\nBal vermeyen ar\u0131dan,<br \/>\nGocas\u0131ndan sonra kalkan gar\u0131dan,<br \/>\nHay\u0131r gelmez.<\/p>\n<p>Sen abdestini alas\u0131ya,<br \/>\nel namaz\u0131n\u0131 bitiri.<\/p>\n<p>Ne s\u00f6yler ne s\u0131r\u0131d\u0131r,<br \/>\ngan\u0131n\u0131 ili\u011fini gurudur.<\/p>\n<p>Her goyunda bi g\u0131s\u0131r;<br \/>\nher g\u00f6zelde bi gusur bulunur.<\/p>\n<p>Herkez gidi\u015fen yerini ga\u015f\u0131yyo.<\/p>\n<p>Gaba yele gar m\u0131 dayan\u0131r;<br \/>\ng\u00f6zel g\u0131za\u00a0 yar m\u0131 dayan\u0131r.<\/p>\n<p>Ne \u00f6l\u00fcye a\u011flar;<br \/>\nne diriye g\u00fcler.<\/p>\n<p>Eyi o\u011flum var diye g\u00fcvenme;<br \/>\ngoynuna el g\u0131z\u0131 girmeyince.<br \/>\nEyi gar\u0131m var diye g\u00fcvenme;<br \/>\nyokluk y\u00fcz\u00fc g\u00f6rmeyince.<br \/>\nEyi dostum var diye g\u00fcvenme;<br \/>\nba\u015f\u0131n s\u0131k\u0131nt\u0131ya girmeyince.<\/p>\n<p>Ekmek buldun yi;<br \/>\ndayak buldun ga\u00e7.<\/p>\n<p>D\u00fc\u015f\u00fcn bakal\u0131m d\u00fc\u015f\u00fcn;<br \/>\nhe\u00e7 e\u015f\u015fek al\u0131n\u0131r m\u0131 g\u0131\u015f\u0131n.<\/p>\n<p>Bi adam\u0131n gar\u0131s\u0131, o adam\u0131n yar\u0131s\u0131.<\/p>\n<p>At oluyo, meydan olmeyyo;<br \/>\nmeydan oluyo, at olmeyyo.<\/p>\n<p>E\u015f\u015fe\u011fin yo\u011fusa eni\u015ftede mi yok!<\/p>\n<p>Bizim sivritti\u011fimiz gaz\u0131k bize bat\u0131yo.<\/p>\n<p>Ekmek bulamaz yimeye;<br \/>\nturp arar ge\u011firmeye.<\/p>\n<p>Dolmad\u0131k \u00e7ilemiz var\u0131m\u0131\u015f;<br \/>\ndonuma kediyi guydu.<\/p>\n<p>&nbsp;<\/p>\n<p>&nbsp;<\/p>\n<p style=\"font-weight: 400;\"><u>P E K\u00a0\u00a0 B \u0130 L \u0130 N M E Y E N\u00a0\u00a0\u00a0A T A S \u00d6 Z L E R \u0130 M \u0130 Z<\/u><\/p>\n<p>1&#8211; Al g\u00f6rg\u00fcl\u00fc k\u0131z\u0131n\u0131 i\u015f g\u00f6rs\u00fcn bulana bulana<br \/>\nAl g\u00f6rg\u00fcs\u00fcz k\u0131z\u0131n\u0131 i\u015f g\u00f6rs\u00fcn dalana dalana.<\/p>\n<p>2&#8211; Alma gom\u015funun g\u0131z\u0131n\u0131, yumurtlamaya anas\u0131n\u0131n evine \u00a0gider.<\/p>\n<p>3&#8211; Anan\u0131n ilki olaca\u011f\u0131na, da\u011flarda tilki ol.<\/p>\n<p>4&#8211; Arpay\u0131 ta\u015fl\u0131 yerden, g\u0131z\u0131 karde\u015fli yerden al.<\/p>\n<p>5&#8211; At nallan\u0131r; e\u015f\u015fek nallan\u0131r; tosba\u011f\u0131 da aya\u011f\u0131n\u0131 kald\u0131r\u0131r.<\/p>\n<p>6&#8211; Ate\u015f yakarken bacana; ayakkab\u0131 giyerken gocana bak.<\/p>\n<p>7&#8211; Ayda bir m\u00fcshil; haftada bir gus\u00fcl.<\/p>\n<p>8&#8211; Bir o\u011flun bir k\u0131z\u0131n var m\u0131;<br \/>\no sana hem don, hem g\u00f6mlek olur,\u00a0\u00a0bir takkal\u0131k da artar.<\/p>\n<p>9&#8211;Duvar\u0131n g\u00fczelli\u011fi kire\u00e7ten; gad\u0131n\u0131n g\u00fczelli\u011fi ila\u00e7tan; \u00a0erke\u011fin g\u00fczelli\u011fi t\u0131ra\u015ftan olur.<\/p>\n<p>10&#8211; El elin hastas\u0131n\u0131 \u00fcy\u00fcr san\u0131r; el elin \u00f6l\u00fcs\u00fcn\u00fc d\u00fc\u011f\u00fcn san\u0131r.<\/p>\n<p>11&#8211; Erkek e\u015f\u015fe\u011fin an\u0131rmayan\u0131 olmaz.<\/p>\n<p>12- E\u015f\u015fe\u011fin nal\u0131na, gar\u0131n\u0131n mal\u0131na, cingan\u0131n fal\u0131na inanma.<\/p>\n<p>13&#8211; Gelenin az\u0131 olmaz, goca g\u0131z\u0131n naz\u0131 olmaz.<\/p>\n<p>14- Ki\u015finin bir zaman borusu \u00f6terken; bir zaman gelir ki, gerisi \u00f6ter.<\/p>\n<p>15&#8211; Gar\u0131n\u0131n gurnaz\u0131, \u00e7ocu\u011fu babas\u0131na yakar.<\/p>\n<p>16&#8211;D\u0131rd\u0131rc\u0131 gar\u0131,\u00a0 sokucu ar\u0131.<\/p>\n<p>17&#8211;Gaz gaz\u0131nan; maz maz\u0131nan; kel tavuk da kel horozunan.<\/p>\n<p>18&#8211; Kom\u015funun tavu\u011fu kom\u015fuya gaz g\u00f6r\u00fcn\u00fcr;gar\u0131s\u0131 da g\u0131z g\u00f6r\u00fcn\u00fcr.<\/p>\n<p>19&#8211; A\u011f\u0131zdan burun yak\u0131n, garde\u015ften gar\u0131n yak\u0131n<\/p>\n<p>20&#8211; Akg\u00fcn a\u011fard\u0131r, garag\u00fcn g\u00f6\u011ferdir.<\/p>\n<p>21&#8211; Akg\u00fcn a\u011far\u0131p galmaz, \u00a0garag\u00fcn garar\u0131p galmaz.<\/p>\n<p>22&#8211; Allah balmumu yakana balmumu, ya\u011fmumu yakana ya\u011fmumu\u00a0 veriymi\u015f.<\/p>\n<p>23&#8211; At\u0131nan avrat\u00a0 yi\u011fidin bahd\u0131na.<\/p>\n<p>24&#8211; Avrat g\u0131tl\u0131k bilmez, usda yokluk bilmez.<\/p>\n<p>25&#8211; Aya\u011fa deymedik da\u015f olmaz<br \/>\nBa\u015fa gelmedik i\u015f olmaz.<\/p>\n<p>26&#8211; Az \u00e7ocuk gan yudduru, \u00e7ok \u00e7ocuk birbirini g\u00fcdd\u00fcr\u00fc.<\/p>\n<p>27&#8211; Emredennen osduran yorulmaz\u0131m\u0131\u015f.<\/p>\n<p>28&#8211; Bo\u015fbo\u011faz\u0131 Cehendeme atm\u0131\u015flar,\u201dodunnar ya\u015f\u201d\u00a0 demi\u015f.<\/p>\n<p>29&#8211; Deli deliyi tekkede, hac\u0131 hac\u0131y\u0131 Mekke\u2019de bulurumu\u015f.<\/p>\n<p>30&#8211; Dokuz o\u011flun olcana, bi k\u00f6t\u00fcr\u00fcm gocan olsun daha eyi.<\/p>\n<p>31&#8211; D\u00fcvende d\u00f6nen \u00f6k\u00fcz\u00fcn a\u011fz\u0131 bo\u015f durmaz.<\/p>\n<p>32&#8211; Ekme\u011fin eyisi\u00a0 deneden, g\u0131z\u0131n eyisi anadan.<\/p>\n<p>33&#8211; El adam\u0131 var sever, y\u00e2r adam\u0131 sa\u011f sever.<\/p>\n<p>34&#8211; Erke\u011fi er eden de gar\u0131,\u00a0 eriden de gar\u0131.<\/p>\n<p>35&#8211; E\u015fek e\u015fe\u011fi \u00f6nd\u00fc\u00e7 ga\u015f\u0131r\u0131m\u0131\u015f.<\/p>\n<p>36&#8211; G\u00fcnd\u00fcz neyise i\u015fin,\u00a0 gece odur d\u00fc\u015f\u00fcn.<\/p>\n<p>37&#8211; Helal gazanc\u0131n ba\u015f\u0131nda gavga olmaz.<\/p>\n<p>38&#8211; Irafda k\u00f6tt\u00fc var, her \u015feyin vatt\u0131 var.<\/p>\n<p>39&#8211; Saata bakmeynan vak\u0131t ge\u00e7mez.<\/p>\n<p>40&#8211; Sa\u011f\u0131r i\u00e7in dokuz kere g\u00e2met getirilmez.<\/p>\n<p>41&#8211; Sat\u0131ra ge\u00e7meyen hat\u0131ra ge\u00e7mez.<\/p>\n<p>42&#8211; Zengin deye deye maldan,\u00a0 yi\u011fit deye deye candan ederler.<\/p>\n<p>43&#8211; F\u0131kara \u00e7ocu\u011fu \u201ca\u015f\u201d deye, Zengin \u00e7ocu\u011fu \u201ci\u015f\u201d deye uyan\u0131r\u0131m\u0131\u015f.<\/p>\n<p>44&#8211; Yimeyenin bi yiyeni bulunur.<\/p>\n<p>45&#8211; Uzunun akl\u0131 dirse\u011finde,\u00a0 k\u0131san\u0131n akl\u0131 gursag\u0131nda olurumu\u015f.<\/p>\n<p>46&#8211; Sel gider da\u015f gal\u0131r;\u00a0 el gider garde\u015f gal\u0131r.<\/p>\n<p>47&#8211; Sevildi\u011fin guca\u011fa \u00e7\u00f6yd\u00fcrme.<\/p>\n<p>48&#8211; Saman\u0131 bitiren b\u00fcc\u00fck;\u00a0 ekme\u011fi bitiren \u00e7ocuk eyidir.<\/p>\n<p>49&#8211; Zanaat\u0131n\u0131 hor g\u00f6ren boynuna torba dakar.<\/p>\n<p>50&#8211; K\u00f6pe\u011fe gem vurma;\u00a0 kendini beygir san\u0131r.<\/p>\n<p>51&#8211; G\u0131z bo\u011faz\u0131 gaz bo\u011faz\u0131;\u00a0 gelin bo\u011faz\u0131 deve bo\u011faz\u0131.<\/p>\n<p>52&#8211; Gezen g\u00f6zel olur;\u00a0 oturan gazel olur.<\/p>\n<p>53&#8211; Ak\u0131ll\u0131 tez gocar.<\/p>\n<p>&nbsp;<\/p>\n<p>&nbsp;<\/p>\n<p><a href=\"http:\/\/www.bolvadinsevgisi.com\/atasozlerimizfoto\/atasozlerimizfoto.htm\">&#8220;Foto\u011fraflarla Atas\u00f6zlerimiz&#8221;<\/a><a href=\"http:\/\/www.bolvadinsevgisi.com\/atasozlerimizfoto\/atasozlerimizfoto.htm\">\u00a0 i\u00e7in\u00a0\u00a0 t\u0131klay\u0131n.<\/a>[\/vc_column_text][\/vc_column][vc_column width=&#8221;1\/3&#8243; css=&#8221;.vc_custom_1571340522582{background-color: rgba(119,119,117,0.09) !important;*background-color: rgb(119,119,117) !important;}&#8221;][vc_widget_sidebar sidebar_id=&#8221;sidebar-1&#8243;][\/vc_column][\/vc_row]<\/p>\n","protected":false},"excerpt":{"rendered":"<p>[vc_row css=&#8221;.vc_custom_1571339864481{margin-top: 60px !important;}&#8221;][vc_column width=&#8221;2\/3&#8243;][vc_column_text css_animation=&#8221;fadeInUp&#8221; css=&#8221;.vc_custom_1571382592644{margin-top: 10px !important;}&#8221;] \u00d6l\u00e7\u00fcl\u00fc S\u00f6zlerimiz S\u00f6z bilirsen s\u00f6z s\u00f6yle, s\u00f6z\u00fcnden ibret als\u0131nlar; S\u00f6z bilmezsen sus da, seni adam sans\u0131nlar. \u015eu \u00e7e\u015fmenin haline bak, i\u00e7ecek bir tas\u0131 yok; K\u0131rma kimsenin kalbini yapacak ustas\u0131 yok. Allah isterse bir ki\u015finin i\u015fini, Mermere bile ge\u00e7irir di\u015fini. \u0130stemezse bir ki\u015finin i\u015fini, S\u00fctla\u00e7 yerken k\u0131rar [&hellip;]<\/p>\n","protected":false},"author":1,"featured_media":0,"parent":0,"menu_order":0,"comment_status":"closed","ping_status":"closed","template":"","meta":[],"yoast_head":"<!-- This site is optimized with the Yoast SEO plugin v15.3 - https:\/\/yoast.com\/wordpress\/plugins\/seo\/ -->\n<title>\u00d6l\u00e7\u00fcl\u00fc S\u00f6zlerimiz - Bolvadin Sevgisi<\/title>\n<meta name=\"description\" content=\"Bolvadin Sevgisi sitesi olarak Bolvadin&#039;in tarihi, k\u00fclt\u00fcr\u00fc, adetleri, gelenekleri, nostaljik foto\u011fraflar\u0131, gezilecek yerleri.. N Sait EK\u0130C\u0130\" \/>\n<meta name=\"robots\" content=\"index, follow, max-snippet:-1, max-image-preview:large, max-video-preview:-1\" \/>\n<link rel=\"canonical\" href=\"http:\/\/bolvadinsevgisi.com\/?page_id=2384\" \/>\n<meta property=\"og:locale\" content=\"tr_TR\" \/>\n<meta property=\"og:type\" content=\"article\" \/>\n<meta property=\"og:title\" content=\"\u00d6l\u00e7\u00fcl\u00fc S\u00f6zlerimiz - Bolvadin Sevgisi\" \/>\n<meta property=\"og:description\" content=\"Bolvadin Sevgisi sitesi olarak Bolvadin&#039;in tarihi, k\u00fclt\u00fcr\u00fc, adetleri, gelenekleri, nostaljik foto\u011fraflar\u0131, gezilecek yerleri.. N Sait EK\u0130C\u0130\" \/>\n<meta property=\"og:url\" content=\"http:\/\/bolvadinsevgisi.com\/?page_id=2384\" \/>\n<meta property=\"og:site_name\" content=\"Bolvadin Sevgisi\" \/>\n<meta name=\"twitter:card\" content=\"summary_large_image\" \/>\n<meta name=\"twitter:label1\" content=\"Written by\">\n\t<meta name=\"twitter:data1\" content=\"N. Sait EK\u0130C\u0130\">\n\t<meta name=\"twitter:label2\" content=\"Tahmini okuma s\u00fcresi\">\n\t<meta name=\"twitter:data2\" content=\"7 dakika\">\n<script type=\"application\/ld+json\" class=\"yoast-schema-graph\">{\"@context\":\"https:\/\/schema.org\",\"@graph\":[{\"@type\":\"WebSite\",\"@id\":\"http:\/\/bolvadinsevgisi.com\/#website\",\"url\":\"http:\/\/bolvadinsevgisi.com\/\",\"name\":\"Bolvadin Sevgisi\",\"description\":\"Bolvadin Sevgisi | Bolvadin Tarihi, K\\u00fclt\\u00fcr\\u00fc, Foto\\u011fraflar\\u0131\",\"potentialAction\":[{\"@type\":\"SearchAction\",\"target\":\"http:\/\/bolvadinsevgisi.com\/?s={search_term_string}\",\"query-input\":\"required name=search_term_string\"}],\"inLanguage\":\"tr\"},{\"@type\":\"WebPage\",\"@id\":\"http:\/\/bolvadinsevgisi.com\/?page_id=2384#webpage\",\"url\":\"http:\/\/bolvadinsevgisi.com\/?page_id=2384\",\"name\":\"\\u00d6l\\u00e7\\u00fcl\\u00fc S\\u00f6zlerimiz - Bolvadin Sevgisi\",\"isPartOf\":{\"@id\":\"http:\/\/bolvadinsevgisi.com\/#website\"},\"datePublished\":\"2019-10-18T07:10:29+00:00\",\"dateModified\":\"2019-10-18T07:10:29+00:00\",\"description\":\"Bolvadin Sevgisi sitesi olarak Bolvadin'in tarihi, k\\u00fclt\\u00fcr\\u00fc, adetleri, gelenekleri, nostaljik foto\\u011fraflar\\u0131, gezilecek yerleri.. N Sait EK\\u0130C\\u0130\",\"inLanguage\":\"tr\",\"potentialAction\":[{\"@type\":\"ReadAction\",\"target\":[\"http:\/\/bolvadinsevgisi.com\/?page_id=2384\"]}]}]}<\/script>\n<!-- \/ Yoast SEO plugin. -->","_links":{"self":[{"href":"http:\/\/bolvadinsevgisi.com\/index.php?rest_route=\/wp\/v2\/pages\/2384"}],"collection":[{"href":"http:\/\/bolvadinsevgisi.com\/index.php?rest_route=\/wp\/v2\/pages"}],"about":[{"href":"http:\/\/bolvadinsevgisi.com\/index.php?rest_route=\/wp\/v2\/types\/page"}],"author":[{"embeddable":true,"href":"http:\/\/bolvadinsevgisi.com\/index.php?rest_route=\/wp\/v2\/users\/1"}],"replies":[{"embeddable":true,"href":"http:\/\/bolvadinsevgisi.com\/index.php?rest_route=%2Fwp%2Fv2%2Fcomments&post=2384"}],"version-history":[{"count":1,"href":"http:\/\/bolvadinsevgisi.com\/index.php?rest_route=\/wp\/v2\/pages\/2384\/revisions"}],"predecessor-version":[{"id":2385,"href":"http:\/\/bolvadinsevgisi.com\/index.php?rest_route=\/wp\/v2\/pages\/2384\/revisions\/2385"}],"wp:attachment":[{"href":"http:\/\/bolvadinsevgisi.com\/index.php?rest_route=%2Fwp%2Fv2%2Fmedia&parent=2384"}],"curies":[{"name":"wp","href":"https:\/\/api.w.org\/{rel}","templated":true}]}}