{"id":2378,"date":"2019-10-18T09:54:26","date_gmt":"2019-10-18T06:54:26","guid":{"rendered":"http:\/\/bolvadinsevgisi.com\/?page_id=2378"},"modified":"2019-10-18T09:55:47","modified_gmt":"2019-10-18T06:55:47","slug":"bolvadin-sozlugu","status":"publish","type":"page","link":"http:\/\/bolvadinsevgisi.com\/?page_id=2378","title":{"rendered":"Bolvadin S\u00f6zl\u00fc\u011f\u00fc"},"content":{"rendered":"<p>[vc_row css=&#8221;.vc_custom_1571339864481{margin-top: 60px !important;}&#8221;][vc_column width=&#8221;2\/3&#8243;][vc_column_text css_animation=&#8221;fadeInUp&#8221; css=&#8221;.vc_custom_1571381734719{margin-top: 10px !important;}&#8221;]<\/p>\n<h2>Bolvadin S\u00f6zl\u00fc\u011f\u00fc<\/h2>\n<p>Taba\u011fa \u00c7\u0130N\u0130, lokmaya B\u0130\u015e\u0130,<br \/>\n\u0130nceye \u00c7\u0130RP\u0130, kendine bakmayana S\u0130FL\u0130,<br \/>\nLezzetliye GEYNED\u0130, \u00e7o\u011funlu\u011fa EKSER\u0130,<br \/>\n\u0130nsan i\u00e7ine \u00e7\u0131kmayana BEDEV\u0130,\u00a0\u00a0<em><strong><br \/>\nDER BOLVAD\u0130NL\u0130<\/strong><\/em><\/p>\n<p>\u015ei\u015fmana DOB\u0130L\u0130, art\u0131k a GAYL\u0130,<br \/>\nK\u0131z\u0131nca KAVAK G\u0130B\u0130 G\u00d6\u00c7 EM\u0130,<br \/>\nK\u0131v\u0131lc\u0131ma CINGI, bohcaya \u00c7IKI,<br \/>\nS\u0131rta YANIRLI, iyiceye ADAMAKILLI,\u00a0<strong><em><br \/>\nDER BOLVAD\u0130NL\u0130<\/em><\/strong><\/p>\n<p>\u00c7oka YI\u011eILI, cimriye GIPT\u0130,<br \/>\nMiskete DON\u0130, tamam m\u0131 ya EM\u0130,<br \/>\nIslanmaya HI\u015eIR, yaramaza MUZUR,<br \/>\nBo\u015f gezinmeye HOYDUR HOYDUR,<br \/>\n<strong><em>DER BOLVAD\u0130NL\u0130\u00a0<\/em><\/strong><\/p>\n<p>Sucu\u011fa GUMBAR, han\u0131m \u00f6rt\u00fcs\u00fcne \u00c7AR,<br \/>\nNormale GARER, hat\u0131ra GASER,<br \/>\n\u015eapkaya TAKKA, rahleye PE\u015eTATTA,<br \/>\nHafife YENCE, yerinde konu\u015fana GUDDE GUDDE,\u00a0<em><strong><br \/>\nDER BOLVAD\u0130NL\u0130<\/strong><\/em><\/p>\n<p style=\"font-weight: 400;\">\u00c7ok konu\u015fmaya LAKIRDAMA, h\u0131zl\u0131 yiyene DIKINMA,<br \/>\nGence dua ederken GINALI ELLER TUTASICA,<br \/>\n\u00c7a\u011f\u0131rmaya \u00dcNNEMEK, dokunmaya \u0130LMEK,<br \/>\n\u015e\u0131marmaya \u015e\u0130RNEMEK, aceleye EVMEK,<strong><em><br \/>\nDER BOLVAD\u0130NL\u0130<\/em><\/strong><\/p>\n<p style=\"font-weight: 400;\">\u00c7ok a\u011flamaya BANDIKMAK, aldatmaya GANDIRMAK,<br \/>\nKo\u015fmaya DIZIKMAK,ekmek yapmaya HAMUR KATMAK,<br \/>\nHararete B\u00d6RTMEK, yaramazl\u0131\u011fa B\u00dcNG\u00dcLDEMEK,<br \/>\nBo\u015f gezmeye Z\u00d6M Z\u00d6M GEZMEK,\u00a0<em><strong><br \/>\nDER BOLVAD\u0130NL\u0130<\/strong><\/em><\/p>\n<p>Saks\u0131ya \u00c7ANAK, topaca PIRLAK,<br \/>\nMakaraya TOKMAK, c\u00fcceye \u00c7OTALAK,<br \/>\nKayd\u0131ra\u011fa GAYGANAK, uyumaya ZIBARMAK,<br \/>\nKa\u015f\u0131nmaya G\u0130D\u0130\u015eMEK, kavga etmeye D\u0130D\u0130\u015eMEK,\u00a0<strong><em><br \/>\nDER BOLVAD\u0130NL\u0130<\/em><\/strong><\/p>\n<p>Lasti\u011fe S\u0130N\u0130R, pek \u00e7o\u011fa VIGIR VIGIR,<br \/>\nB\u00f6bre\u011fe B\u00d6\u011e\u00dcR, dua ederken AL DUVAKLARG\u00d6R<br \/>\nSonraya KEYR\u0130, \u00e7ok s\u0131ca\u011fa \u0130SS\u0130,<br \/>\nK\u0131z\u0131nca da DA\u015eIN GATISINI Y\u0130 EM\u0130<strong><em>,<\/em><\/strong><strong><em><br \/>\nDER BOLVAD\u0130NL\u0130<\/em><\/strong><\/p>\n<p>\u0130\u015fteye\u00a0 \u0130N\u0130C\u0130K, a\u011fz\u0131 e\u011friye KEM\u00c7\u0130K,<br \/>\nC\u0131v\u0131\u011fa VICIK, fazla s\u00fcse CINCIK,<br \/>\nK\u00fc\u00e7\u00fc\u011fe B\u0130DD\u0130D\u0130K, haks\u0131zl\u0131\u011fa GAD\u0130RL\u0130K,<br \/>\n\u00c7\u0131rak bah\u015fi\u015fine \u015eERBETL\u0130K, sinirliye \u00d6YKECEK,\u00a0\u00a0<em><strong><br \/>\nDER BOLVAD\u0130NL\u0130<\/strong><\/em><\/p>\n<p style=\"font-weight: 400;\">Yar\u0131 a\u00e7maya GIYNE\u015eIK, bo\u015fta gezene \u0130P\u0130GIRIK,<br \/>\nG\u00fc\u00e7l\u00fc olup \u00e7al\u0131\u015fmaya IZMANCIK, oyun bozana GINCIK,<br \/>\n\u0130\u00e7 \u00e7ama\u015f\u0131r\u0131na G\u00d6YNEK, dengesiz tutars\u0131za \u015eAPILDAK,<br \/>\nA\u011f\u0131r ba\u015fl\u0131\u011fa H\u00d6KELEK, kip\u0131r k\u0131p\u0131r olana B\u00dcNG\u00dcLDEK,<br \/>\n<em><strong>DER BOLVAD\u0130NL\u0130<\/strong><\/em><\/p>\n<p style=\"font-weight: 400;\">Sa\u00e7\u0131 az olana TIYTAK, \u015f\u0131mar\u0131k \u00e7ocu\u011fa VIZILAK,<br \/>\n\u00c7ok \u00fc\u015f\u00fcmeye BUYMAK, di\u015fleri \u00f6nde olana SIRIDAK,<br \/>\nTitremeye DIDILAMAK, can\u0131 s\u0131k\u0131lmaya GAVZINMAK,<br \/>\n\u00c7ok a\u011flamaya BANDIKMAK, kendi kendine konu\u015fmaya BADIRDAMAK\u00a0\u00a0\u00a0\u00a0\u00a0<strong><em><br \/>\nDER BOLVAD\u0130NL\u0130<\/em><\/strong><\/p>\n<p style=\"font-weight: 400;\">Gezinmeye D\u00d6YNEMEK, bo\u011fu\u015fmaya KEMR\u0130\u015eMEK,<br \/>\nYar\u0131\u015fmaya GUBE\u015eMEK, bo\u015fa yorulmaya EMENMEK,<br \/>\n\u00c7eneye DUMUZ, kendini be\u011fenmi\u015fe ZIRTABOZ,<br \/>\nKuvvetsize FERS\u0130Z, otura\u011fa HAVRIZ,\u00a0<em><strong><br \/>\nDER BOLVAD\u0130NL\u0130<\/strong><\/em><\/p>\n<p>\u0130stemiyoruma N\u0130YN\u0130YEN, Allah i\u00e7ine ALLASEN,<br \/>\nEri\u015fteye SAKALASARKAN, bayku\u015fa GUKGU\u011eAN,<br \/>\nSedire MAKET, seyyar merdivene GANAT,<br \/>\nAza GIT, dengesize DUZU GIT,<strong><em><br \/>\nDER BOLVAD\u0130NL\u0130<\/em><\/strong><\/p>\n<p>Mendile \u00c7EVRE, \u00e7ekmeceye M\u00dcC\u00dcR,<br \/>\nBak\u0131ra HELKE, h\u0131zl\u0131ya YELE YELE,<br \/>\n\u015eakaya HORATA, bu seferde ye BUYOZDA,<br \/>\nKibrite EZZA, y\u0131kanmaya YUNMA,\u00a0<em><strong><br \/>\nDER BOLVAD\u0130NL\u0130<\/strong><\/em><\/p>\n<p style=\"font-weight: 400;\">G\u00fcvercine G\u00d6DE, sersemli\u011fe SEME,<br \/>\nYorulmaya DEBENNEME, babaanneye BOYANA,<br \/>\n\u00c7ok g\u00fclene K\u0130K\u0130RDEK, kap\u0131 koluna ZEMBELDEK,<br \/>\nYaramazl\u0131k yapana YIVIDIK, yalakl\u0131k edene SIVE\u015eIK<br \/>\n<strong><em>DER BOLVAD\u0130NL\u0130<\/em><\/strong><\/p>\n<p>Mideye KURSAK, h\u00fck\u00fcmet binas\u0131na GONAK,<br \/>\nKe\u015fkek kab\u0131na HEV\u0130K, hindiye CULUK,<br \/>\n\u00c7irkine MEYMENETS\u0130Z, halsize TEKATSIZ,<br \/>\nBilmeden yap\u0131lana URUFSUZ, fakire M\u00d6L\u00dcZ,\u00a0\u00a0\u00a0<em><strong><br \/>\nDER BOLVAD\u0130NL\u0130<\/strong><\/em><\/p>\n<p style=\"font-weight: 400;\">\u00c7ok konu\u015fmaya LANGIRDAMA, kesmeye GIRKMA,<br \/>\nAsma ya OMCA, m\u0131s\u0131r patlatmas\u0131na GAVIRGA,<br \/>\nYo\u011furmaya AVKALAMA, \u00e7ok a\u011flamaya H\u00d6YK\u00dcRME,<br \/>\nH\u0131zl\u0131ya YELL\u0130, \u00e7abuk k\u0131zana TELL\u0130,<br \/>\n<em><strong>DER BOLVAD\u0130NL\u0130<\/strong><\/em><\/p>\n<p style=\"font-weight: 400;\">\u0130\u015femeye\u00a0 \u00c7\u00d6YD\u00dcRMEK,\u00a0\u00a0Kabartmaya\u00a0\u00a0DEBERTMEK,<br \/>\nTrampete\u00a0D\u0130B\u0130RDEK,\u00a0\u00a0\u00a0\u0130ri yap\u0131l\u0131ya\u00a0\u00a0L\u00d6NG\u00dcRDEK,<br \/>\n\u00c7almaya\u00a0\u00a0EPERTLEMEK.\u00a0\u00a0Birlikte kald\u0131rmaya\u00a0\u00a0GUPLE\u015eMEK,<br \/>\nYeni yeni y\u00fcr\u00fcmeye ba\u015flamaya\u00a0\u00a0 D\u0130B\u0130LDEMEK.<em><br \/>\n<\/em><em><strong>DER BOLVAD\u0130NL\u0130<\/strong><\/em><\/p>\n<p style=\"font-weight: 400;\">Yass\u0131ya \u015eEP\u0130LDEK, Oyuna getirmeye ENDEK KERESDEK,<br \/>\nYeniden ortaya \u00e7\u0131kmaya\u00a0 DEPRE\u015eMEK,<br \/>\nKo\u015fmaya DIZIKMAK,\u00a0 \u00a0\u00a0\u00a0\u00d6nceden hissetmeye\u00a0 DAMMAK,<br \/>\nBa\u015fkas\u0131na y\u00fck olmaya\u00a0\u00a0 \u00a0IRILMAK.<br \/>\n<em><strong>DER BOLVAD\u0130NL\u0130<\/strong><\/em><\/p>\n<p style=\"font-weight: 400;\">Sallamaya\u00a0 IRLAMAK, Gev\u015femeye \u00a0MAYI\u015eMAK,<br \/>\nKo\u015fmaya\u00a0 SEY\u0130RTMEK,\u00a0\u00a0Kibirliye GASALAK,<br \/>\nAni k\u0131zmaya\u00a0\u00a0 PAVKIRMAK, \u00a0As\u0131k suratl\u0131ya SORUDAK,<br \/>\nBo\u015fbo\u011fazl\u0131k eden gevezeye\u00a0 \u015e\u0130PDAMAK.<br \/>\n<em><strong>DER BOLVAD\u0130NL\u0130<\/strong><\/em><\/p>\n<p style=\"font-weight: 400;\">Avurta DULUK,\u00a0 Testi kumbaraya\u00a0 G\u00dcD\u00dcL\u00dcK,<br \/>\nUzun boyluya ZIBINDIRIK,\u00a0\u00a0Zay\u0131f \u00e7elimsize CIYNABIK,<br \/>\n\u0130yice ya\u015flanana \u00a0BABIDIK,\u00a0\u00a0\u00c7ok s\u00fcsl\u00fcye\u00a0 GILLI GIRIK,<br \/>\nFakir olup zengin gibi ya\u015fayana\u00a0 \u015eEP\u0130D\u0130 GIRIK.<br \/>\n<em><strong>DER BOLVAD\u0130NL\u0130<\/strong><\/em><\/p>\n<p style=\"font-weight: 400;\"><em>\u00a0<\/em>Cimriye\u00a0 KITIB\u0130YOZ, \u00a0\u00a0Takla atmaya\u00a0 TEK\u0130DONBAZ,<br \/>\nAz ate\u015fe \u00a0ALAVI\u015e,\u00a0\u00a0\u00a0Bacak aras\u0131na\u00a0 API\u015e,<br \/>\nAceleye DARIN, \u00a0\u00a0\u00a0K\u0131skanca\u00a0 HIRTGARIN,<br \/>\nEvlenmeyi \u00e7ok isteyen hareketliye\u00a0 ATGIN.<br \/>\n<em><strong>DER BOLVAD\u0130NL\u0130<\/strong><\/em><\/p>\n<p style=\"font-weight: 400;\">Yava\u015f yava\u015fa \u0130V\u0130L \u0130V\u0130L,\u00a0 \u00e7ak\u0131l ta\u015f\u0131na\u00a0\u00a0 \u00c7\u0130\u011e\u0130L,<br \/>\nK\u0131sa boyluya MADAK,\u00a0 \u00a0Kurnaz i\u015f bilene\u00a0 CAZALAK,<br \/>\nTavaya DI\u011eAN,\u00a0 \u00a0\u00a0\u0130\u015fi becerene\u00a0 FEDDAN,<br \/>\nBirdenbire olan \u015feylere\u00a0 DARPYOKDAN.<br \/>\n<em><strong>DER BOLVAD\u0130NL\u0130<\/strong><\/em><\/p>\n<p style=\"font-weight: 400;\">\u015ei\u015fmana DODAN, \u00a0\u00a0Kendine bakmayana\u00a0 CO\u015eDAN,<br \/>\nAs\u0131k suratl\u0131ya\u00a0 MOCAN, \u00a0\u00a0Oynak, cilveliye\u00a0 ATTIRGAN,<br \/>\n\u00dc\u015fenmeye ER\u0130NGEN, \u00a0\u00a0\u00a0Dam sa\u00e7a\u011f\u0131na \u00c7ELEN,<br \/>\nZorbal\u0131k yapana \u00a0\u00a0\u00a0AL\u0130 GIRAN BA\u015e KESEN.<br \/>\n<em><strong>DER BOLVAD\u0130NL\u0130<\/strong><\/em><\/p>\n<p style=\"font-weight: 400;\">Heybetliye\u00a0 GALAFATLI,\u00a0 \u00a0Aptala ANDAVALLI,<br \/>\nDertliye MACCALI, \u00a0\u00a0\u00a0\u00a0\u0130pli k\u0131naya \u00c7ATMALI,<br \/>\nAceleciye FARFARI, \u00a0\u00a0\u00a0\u00a0E\u015fek yavrusuna\u00a0 KIRI,<br \/>\nTutumlu, hesab\u0131n\u0131 bilene\u00a0 DUTAMAKLI.<br \/>\n<em><strong>DER BOLVAD\u0130NL\u0130<\/strong><\/em><\/p>\n<p style=\"font-weight: 400;\">Kirliye KEFL\u0130,\u00a0 \u00a0Kar\u0131\u015f\u0131k i\u015fe\u00a0 \u00a0\u00c7ETREFELL\u0130,<br \/>\nSinirliye ESENEKL\u0130,\u00a0\u00a0S\u0131k hasta olana \u00d6T\u00dcREKL\u0130,<br \/>\nG\u00fczel giyinmeyene \u00a0S\u00dcC\u00dcLL\u00dc, \u00a0\u00a0Hemen k\u0131zana\u00a0 T\u00dcSS\u00dcL\u00dc,<br \/>\n\u00dcst\u00fcne ba\u015f\u0131na dikkat etmeyene\u00a0 CO\u015e\u0130L\u0130.<br \/>\n<em><strong>DER BOLVAD\u0130NL\u0130<\/strong><\/em><\/p>\n<p style=\"font-weight: 400;\"><em>\u00a0<\/em>K\u0131sa boyluya\u00a0 BADAK, \u00a0\u00a0\u00a0Soysuza CIMBILDAK,<br \/>\nAceleye\u00a0 CIVZIKLAMAK,\u00a0\u00c7ok \u0131slanmaya Z\u0130B\u0130D\u0130 \u00c7IKMAK,<br \/>\nD\u00fc\u011f\u00fcn davetine gitmeye\u00a0 A\u011eIR DA\u015e GALDIRMAK,<br \/>\nBirini alay etmeye \u00a0\u00a0KERCALMAK.<br \/>\n<em><strong>DER BOLVAD\u0130NL\u0130<\/strong><\/em><\/p>\n<p style=\"font-weight: 400;\">Maneviyat\u0131, morali bozulmaya \u00a0K\u0130RK\u0130D\u0130 KIRILMAK,<br \/>\n\u015e\u00fcphelenmeye \u00a0\u00a0ZEYN\u0130NE GIL\u00c7IK GA\u00c7MAK,<br \/>\nEtraf\u0131n\u0131 rahats\u0131z etmeye\u00a0 Z\u00dcLANDA GOMAK,<br \/>\nKendinden k\u00fc\u00e7\u00fckle oturmaya\u00a0 GUZULARINAN GIRKILMAK.<br \/>\n<em><strong>DER BOLVAD\u0130NL\u0130<\/strong><\/em><\/p>\n<p style=\"font-weight: 400;\">Bulanmaya\u00a0 BELENMEK,\u00a0 Sarsmaya\u00a0 YEN\u00c7MEK,<br \/>\nAy\u00e7i\u00e7e\u011fine \u00c7ARKIFELEK,\u00a0 Bir \u015feye sinirlenmeye C\u0130N\u0130NE G\u0130TMEK,<br \/>\nRefah i\u00e7inde ya\u015famaya\u00a0\u00a0GEK GEK GEY\u0130RMEK,<br \/>\nUmursamamaya\u00a0 YUMMA GEV\u0130\u015eDEN GELMEK.<em><strong><br \/>\nDER BOLVAD\u0130NL\u0130<br \/>\n<\/strong><\/em><\/p>\n<p style=\"font-weight: 400;\">Ka\u00e7maya FIYMAK;\u00a0\u00a0 ince uzuna DAYLAK;<br \/>\nLaf tutmayana \u015e\u0130PDAMAK;\u00a0 kurnaza CAZALAK;<br \/>\nParas\u0131za BALDIRI CIBLAK; yormaya PALAZITMAK;<br \/>\nAhlaks\u0131za S\u00dcD\u00dc CIMBILDAK; yorulmaya TEBSERMEK<br \/>\n<em><strong>DER BOLVAD\u0130NL\u0130<\/strong><\/em><\/p>\n<p style=\"font-weight: 400;\">\u015e\u00fcpheciye HAFL\u0130; kar\u0131\u015f\u0131k i\u015fe \u00c7ETREFELL\u0130;<br \/>\nHuysuza CINGILLI;\u00a0 k\u0131sa boyluya D\u00dcBB\u00dcL\u00dc;<br \/>\nYoksula CIBIR;\u00a0 barda\u011fa B\u0130LLUR;<br \/>\nYa\u011f s\u00fcrmeye YA\u011e D\u00d6RT; tembele GABAG\u00d6T<br \/>\n<em><strong>DER BOLVAD\u0130NL\u0130<\/strong><\/em><\/p>\n<p style=\"font-weight: 400;\">\u00c7ok oynayana ZINDIK, y\u00fcz\u00fc b\u00fcy\u00fc\u011fe TULUK,<br \/>\nAcemi gence H\u00d6D\u00dcK, sab\u0131ra D\u00d6\u011e\u00dcML\u00dcK,<br \/>\nKemere GAYI\u015e, dik y\u00fcr\u00fcyene BASDUN YUTMU\u015e,<br \/>\nHer lafa inanana NE DE OTMU\u015e,<br \/>\nK\u0131z \u0131sl\u0131k \u00e7ald\u0131\u011f\u0131nda BU\u00a0 \u00d6TM\u00dc\u015e,<br \/>\n<em><strong>DER BOLVAD\u0130NL\u0130 <\/strong><\/em><\/p>\n<p>&nbsp;<\/p>\n<p style=\"font-weight: 400;\"><u><strong>N. Sait EK\u0130C\u0130<\/strong><\/u><\/p>\n<p>[\/vc_column_text][\/vc_column][vc_column width=&#8221;1\/3&#8243; css=&#8221;.vc_custom_1571340522582{background-color: rgba(119,119,117,0.09) !important;*background-color: rgb(119,119,117) !important;}&#8221;][vc_widget_sidebar sidebar_id=&#8221;sidebar-1&#8243;][\/vc_column][\/vc_row]<\/p>\n","protected":false},"excerpt":{"rendered":"<p>[vc_row css=&#8221;.vc_custom_1571339864481{margin-top: 60px !important;}&#8221;][vc_column width=&#8221;2\/3&#8243;][vc_column_text css_animation=&#8221;fadeInUp&#8221; css=&#8221;.vc_custom_1571381734719{margin-top: 10px !important;}&#8221;] Bolvadin S\u00f6zl\u00fc\u011f\u00fc Taba\u011fa \u00c7\u0130N\u0130, lokmaya B\u0130\u015e\u0130, \u0130nceye \u00c7\u0130RP\u0130, kendine bakmayana S\u0130FL\u0130, Lezzetliye GEYNED\u0130, \u00e7o\u011funlu\u011fa EKSER\u0130, \u0130nsan i\u00e7ine \u00e7\u0131kmayana BEDEV\u0130,\u00a0\u00a0 DER BOLVAD\u0130NL\u0130 \u015ei\u015fmana DOB\u0130L\u0130, art\u0131k a GAYL\u0130, K\u0131z\u0131nca KAVAK G\u0130B\u0130 G\u00d6\u00c7 EM\u0130, K\u0131v\u0131lc\u0131ma CINGI, bohcaya \u00c7IKI, S\u0131rta YANIRLI, iyiceye ADAMAKILLI,\u00a0 DER BOLVAD\u0130NL\u0130 \u00c7oka YI\u011eILI, cimriye GIPT\u0130, Miskete [&hellip;]<\/p>\n","protected":false},"author":1,"featured_media":0,"parent":0,"menu_order":0,"comment_status":"closed","ping_status":"closed","template":"","meta":[],"yoast_head":"<!-- This site is optimized with the Yoast SEO plugin v15.3 - https:\/\/yoast.com\/wordpress\/plugins\/seo\/ -->\n<title>Bolvadin S\u00f6zl\u00fc\u011f\u00fc - Bolvadin Sevgisi<\/title>\n<meta name=\"description\" content=\"Bolvadin Sevgisi sitesi olarak Bolvadin&#039;in tarihi, k\u00fclt\u00fcr\u00fc, adetleri, gelenekleri, nostaljik foto\u011fraflar\u0131, gezilecek yerleri.. N Sait EK\u0130C\u0130\" \/>\n<meta name=\"robots\" content=\"index, follow, max-snippet:-1, max-image-preview:large, max-video-preview:-1\" \/>\n<link rel=\"canonical\" href=\"http:\/\/bolvadinsevgisi.com\/?page_id=2378\" \/>\n<meta property=\"og:locale\" content=\"tr_TR\" \/>\n<meta property=\"og:type\" content=\"article\" \/>\n<meta property=\"og:title\" content=\"Bolvadin S\u00f6zl\u00fc\u011f\u00fc - Bolvadin Sevgisi\" \/>\n<meta property=\"og:description\" content=\"Bolvadin Sevgisi sitesi olarak Bolvadin&#039;in tarihi, k\u00fclt\u00fcr\u00fc, adetleri, gelenekleri, nostaljik foto\u011fraflar\u0131, gezilecek yerleri.. N Sait EK\u0130C\u0130\" \/>\n<meta property=\"og:url\" content=\"http:\/\/bolvadinsevgisi.com\/?page_id=2378\" \/>\n<meta property=\"og:site_name\" content=\"Bolvadin Sevgisi\" \/>\n<meta property=\"article:modified_time\" content=\"2019-10-18T06:55:47+00:00\" \/>\n<meta name=\"twitter:card\" content=\"summary_large_image\" \/>\n<meta name=\"twitter:label1\" content=\"Written by\">\n\t<meta name=\"twitter:data1\" content=\"N. Sait EK\u0130C\u0130\">\n\t<meta name=\"twitter:label2\" content=\"Tahmini okuma s\u00fcresi\">\n\t<meta name=\"twitter:data2\" content=\"4 dakika\">\n<script type=\"application\/ld+json\" class=\"yoast-schema-graph\">{\"@context\":\"https:\/\/schema.org\",\"@graph\":[{\"@type\":\"WebSite\",\"@id\":\"http:\/\/bolvadinsevgisi.com\/#website\",\"url\":\"http:\/\/bolvadinsevgisi.com\/\",\"name\":\"Bolvadin Sevgisi\",\"description\":\"Bolvadin Sevgisi | Bolvadin Tarihi, K\\u00fclt\\u00fcr\\u00fc, Foto\\u011fraflar\\u0131\",\"potentialAction\":[{\"@type\":\"SearchAction\",\"target\":\"http:\/\/bolvadinsevgisi.com\/?s={search_term_string}\",\"query-input\":\"required name=search_term_string\"}],\"inLanguage\":\"tr\"},{\"@type\":\"WebPage\",\"@id\":\"http:\/\/bolvadinsevgisi.com\/?page_id=2378#webpage\",\"url\":\"http:\/\/bolvadinsevgisi.com\/?page_id=2378\",\"name\":\"Bolvadin S\\u00f6zl\\u00fc\\u011f\\u00fc - Bolvadin Sevgisi\",\"isPartOf\":{\"@id\":\"http:\/\/bolvadinsevgisi.com\/#website\"},\"datePublished\":\"2019-10-18T06:54:26+00:00\",\"dateModified\":\"2019-10-18T06:55:47+00:00\",\"description\":\"Bolvadin Sevgisi sitesi olarak Bolvadin'in tarihi, k\\u00fclt\\u00fcr\\u00fc, adetleri, gelenekleri, nostaljik foto\\u011fraflar\\u0131, gezilecek yerleri.. N Sait EK\\u0130C\\u0130\",\"inLanguage\":\"tr\",\"potentialAction\":[{\"@type\":\"ReadAction\",\"target\":[\"http:\/\/bolvadinsevgisi.com\/?page_id=2378\"]}]}]}<\/script>\n<!-- \/ Yoast SEO plugin. -->","_links":{"self":[{"href":"http:\/\/bolvadinsevgisi.com\/index.php?rest_route=\/wp\/v2\/pages\/2378"}],"collection":[{"href":"http:\/\/bolvadinsevgisi.com\/index.php?rest_route=\/wp\/v2\/pages"}],"about":[{"href":"http:\/\/bolvadinsevgisi.com\/index.php?rest_route=\/wp\/v2\/types\/page"}],"author":[{"embeddable":true,"href":"http:\/\/bolvadinsevgisi.com\/index.php?rest_route=\/wp\/v2\/users\/1"}],"replies":[{"embeddable":true,"href":"http:\/\/bolvadinsevgisi.com\/index.php?rest_route=%2Fwp%2Fv2%2Fcomments&post=2378"}],"version-history":[{"count":4,"href":"http:\/\/bolvadinsevgisi.com\/index.php?rest_route=\/wp\/v2\/pages\/2378\/revisions"}],"predecessor-version":[{"id":2382,"href":"http:\/\/bolvadinsevgisi.com\/index.php?rest_route=\/wp\/v2\/pages\/2378\/revisions\/2382"}],"wp:attachment":[{"href":"http:\/\/bolvadinsevgisi.com\/index.php?rest_route=%2Fwp%2Fv2%2Fmedia&parent=2378"}],"curies":[{"name":"wp","href":"https:\/\/api.w.org\/{rel}","templated":true}]}}